{"id":12514,"date":"2023-11-14T23:14:46","date_gmt":"2023-11-14T23:14:46","guid":{"rendered":"https:\/\/bilis.sk\/?page_id=12514"},"modified":"2023-11-29T20:30:57","modified_gmt":"2023-11-29T20:30:57","slug":"formular-zs-nitra","status":"publish","type":"page","link":"https:\/\/bilis.sk\/en\/formular-zs-nitra\/","title":{"rendered":"Prieskum z\u00e1ujmu rodi\u010dov o bilingv\u00e1lne vzdel\u00e1vanie v Z\u0160 Nitra"},"content":{"rendered":"<div data-elementor-type=\"wp-page\" data-elementor-id=\"12514\" class=\"elementor elementor-12514\">\n\t\t\t\t\t\t<section class=\"elementor-section elementor-top-section elementor-element elementor-element-3197cb3 elementor-section-boxed elementor-section-height-default elementor-section-height-default\" data-id=\"3197cb3\" data-element_type=\"section\">\n\t\t\t\t\t\t<div class=\"elementor-container elementor-column-gap-default\">\n\t\t\t\t\t<div class=\"elementor-column elementor-col-100 elementor-top-column elementor-element elementor-element-edb6333\" data-id=\"edb6333\" data-element_type=\"column\">\n\t\t\t<div class=\"elementor-widget-wrap elementor-element-populated\">\n\t\t\t\t\t\t<div class=\"elementor-element elementor-element-c6fab22 elementor-widget elementor-widget-text-editor\" data-id=\"c6fab22\" data-element_type=\"widget\" data-widget_type=\"text-editor.default\">\n\t\t\t\t<div class=\"elementor-widget-container\">\n\t\t\t\t\t\t\t\t\t<h4 style=\"font-weight: 400;\"><span style=\"color: #008080;\"><strong>Prieskum z\u00e1ujmu o bilingv\u00e1lne vzdel\u00e1vanie det\u00ed od 2. triedy Z\u0160<\/strong><\/span><\/h4><h6 style=\"font-weight: 400;\"><span style=\"color: #008080;\">Mil\u00e9 mami\u010dky, oteckovia, rodi\u010dia,<\/span><\/h6><h6 style=\"font-weight: 400;\"><span style=\"color: #008080;\">s cie\u013eom zv\u00fd\u0161i\u0165 \u00farove\u0148 vzdel\u00e1vania cudz\u00edch jazykov na z\u00e1kladn\u00fdch \u0161kol\u00e1ch po celom Slovensku uva\u017eujeme otvori\u0165 na niektor\u00fdch z nich bud\u00faci \u0161kolsk\u00fd rok 2024\/2025 bilingv\u00e1lne triedy s roz\u0161\u00edren\u00fdm vyu\u010dovan\u00edm anglick\u00e9ho jazyka u\u017e od prvej triedy. Tak ako v\u00e1m, aj n\u00e1m z\u00e1le\u017e\u00ed na bud\u00facnosti va\u0161ich det\u00ed a preto m\u00e1te mo\u017enos\u0165 vyjadri\u0165 svoj n\u00e1zor a z\u00e1ujem o t\u00fato formu vzdel\u00e1vania v angli\u010dtine odpovedan\u00edm na 8 kr\u00e1tkych ot\u00e1zok ni\u017e\u0161ie, ktor\u00e9 v\u00e1m zaber\u00fa 2 min\u00faty.<\/span><\/h6><h6 style=\"font-weight: 400;\"><span style=\"color: #008080;\">Spolu tvor\u00edme bud\u00facnos\u0165 va\u0161ich det\u00ed, <strong>BILI School<\/strong><\/span><\/h6><p><span style=\"color: #333333;\">\u010eakujeme z\u00e1kladn\u00fdm \u0161kol\u00e1m v Nitre za mo\u017enos\u0165 uskuto\u010dnenia prieskumu a v\u00e1m za va\u0161e odpovede a ot\u00e1zky.<\/span><\/p>\t\t\t\t\t\t\t\t<\/div>\n\t\t\t\t<\/div>\n\t\t\t\t\t<\/div>\n\t\t<\/div>\n\t\t\t\t\t<\/div>\n\t\t<\/section>\n\t\t\t\t<\/div>","protected":false},"excerpt":{"rendered":"<p>Prieskum z\u00e1ujmu o bilingv\u00e1lne vzdel\u00e1vanie det\u00ed od 2. triedy Z\u0160 Mil\u00e9 mami\u010dky, oteckovia, rodi\u010dia, s cie\u013eom zv\u00fd\u0161i\u0165 \u00farove\u0148 vzdel\u00e1vania cudz\u00edch jazykov na z\u00e1kladn\u00fdch \u0161kol\u00e1ch po celom Slovensku uva\u017eujeme otvori\u0165 na niektor\u00fdch z nich bud\u00faci \u0161kolsk\u00fd rok 2024\/2025 bilingv\u00e1lne triedy s roz\u0161\u00edren\u00fdm vyu\u010dovan\u00edm anglick\u00e9ho jazyka u\u017e [&hellip;]<\/p>\n","protected":false},"author":5,"featured_media":13733,"parent":0,"menu_order":0,"comment_status":"closed","ping_status":"closed","template":"","meta":{"footnotes":""},"class_list":["post-12514","page","type-page","status-publish","has-post-thumbnail","hentry"],"yoast_head":"<!-- This site is optimized with the Yoast SEO plugin v23.3 - https:\/\/yoast.com\/wordpress\/plugins\/seo\/ -->\n<title>Prieskum z\u00e1ujmu rodi\u010dov o bilingv\u00e1lne vzdel\u00e1vanie v Z\u0160 Nitra - BILIS<\/title>\n<meta name=\"description\" content=\"Bu\u010fte s\u00fa\u010das\u0165ou nov\u00e9ho inovat\u00edvneho vzdel\u00e1vania cudz\u00edch jazykov na Z\u0160. Vyjadren\u00edm v\u00e1\u0161ho n\u00e1zoru pom\u00f4\u017eete formova\u0165 bud\u00facnos\u0165 va\u0161ich det\u00ed.\" \/>\n<meta name=\"robots\" content=\"index, follow, max-snippet:-1, max-image-preview:large, max-video-preview:-1\" \/>\n<link rel=\"canonical\" href=\"https:\/\/bilis.sk\/en\/formular-zs-nitra\/\" \/>\n<meta property=\"og:locale\" content=\"en_GB\" \/>\n<meta property=\"og:type\" content=\"article\" \/>\n<meta property=\"og:title\" content=\"Prieskum z\u00e1ujmu rodi\u010dov o bilingv\u00e1lne vzdel\u00e1vanie v Z\u0160 Nitra - BILIS\" \/>\n<meta property=\"og:description\" content=\"Bu\u010fte s\u00fa\u010das\u0165ou nov\u00e9ho inovat\u00edvneho vzdel\u00e1vania cudz\u00edch jazykov na Z\u0160. Vyjadren\u00edm v\u00e1\u0161ho n\u00e1zoru pom\u00f4\u017eete formova\u0165 bud\u00facnos\u0165 va\u0161ich det\u00ed.\" \/>\n<meta property=\"og:url\" content=\"https:\/\/bilis.sk\/en\/formular-zs-nitra\/\" \/>\n<meta property=\"og:site_name\" content=\"BILIS\" \/>\n<meta property=\"article:modified_time\" content=\"2023-11-29T20:30:57+00:00\" \/>\n<meta property=\"og:image\" content=\"https:\/\/bilis.sk\/wp-content\/uploads\/1.jpg\" \/>\n\t<meta property=\"og:image:width\" content=\"2000\" \/>\n\t<meta property=\"og:image:height\" content=\"952\" \/>\n\t<meta property=\"og:image:type\" content=\"image\/jpeg\" \/>\n<meta name=\"twitter:card\" content=\"summary_large_image\" \/>\n<meta name=\"twitter:label1\" content=\"Estimated reading time\" \/>\n\t<meta name=\"twitter:data1\" content=\"3 minutes\" \/>\n<script type=\"application\/ld+json\" class=\"yoast-schema-graph\">{\"@context\":\"https:\/\/schema.org\",\"@graph\":[{\"@type\":\"WebPage\",\"@id\":\"https:\/\/bilis.sk\/formular-zs-nitra\/\",\"url\":\"https:\/\/bilis.sk\/formular-zs-nitra\/\",\"name\":\"Prieskum z\u00e1ujmu rodi\u010dov o bilingv\u00e1lne vzdel\u00e1vanie v Z\u0160 Nitra - BILIS\",\"isPartOf\":{\"@id\":\"https:\/\/bilis.sk\/#website\"},\"primaryImageOfPage\":{\"@id\":\"https:\/\/bilis.sk\/formular-zs-nitra\/#primaryimage\"},\"image\":{\"@id\":\"https:\/\/bilis.sk\/formular-zs-nitra\/#primaryimage\"},\"thumbnailUrl\":\"https:\/\/bilis.sk\/wp-content\/uploads\/1.jpg\",\"datePublished\":\"2023-11-14T23:14:46+00:00\",\"dateModified\":\"2023-11-29T20:30:57+00:00\",\"description\":\"Bu\u010fte s\u00fa\u010das\u0165ou nov\u00e9ho inovat\u00edvneho vzdel\u00e1vania cudz\u00edch jazykov na Z\u0160. Vyjadren\u00edm v\u00e1\u0161ho n\u00e1zoru pom\u00f4\u017eete formova\u0165 bud\u00facnos\u0165 va\u0161ich det\u00ed.\",\"breadcrumb\":{\"@id\":\"https:\/\/bilis.sk\/formular-zs-nitra\/#breadcrumb\"},\"inLanguage\":\"en-GB\",\"potentialAction\":[{\"@type\":\"ReadAction\",\"target\":[\"https:\/\/bilis.sk\/formular-zs-nitra\/\"]}]},{\"@type\":\"ImageObject\",\"inLanguage\":\"en-GB\",\"@id\":\"https:\/\/bilis.sk\/formular-zs-nitra\/#primaryimage\",\"url\":\"https:\/\/bilis.sk\/wp-content\/uploads\/1.jpg\",\"contentUrl\":\"https:\/\/bilis.sk\/wp-content\/uploads\/1.jpg\",\"width\":2000,\"height\":952,\"caption\":\"Prieskum z\u00e1ujmu o bilingv\u00e1lne vzdel\u00e1vanie v M\u0160 a Z\u0160\"},{\"@type\":\"BreadcrumbList\",\"@id\":\"https:\/\/bilis.sk\/formular-zs-nitra\/#breadcrumb\",\"itemListElement\":[{\"@type\":\"ListItem\",\"position\":1,\"name\":\"Dom\u016f\",\"item\":\"https:\/\/bilis.sk\/\"},{\"@type\":\"ListItem\",\"position\":2,\"name\":\"Prieskum z\u00e1ujmu rodi\u010dov o bilingv\u00e1lne vzdel\u00e1vanie v Z\u0160 Nitra\"}]},{\"@type\":\"WebSite\",\"@id\":\"https:\/\/bilis.sk\/#website\",\"url\":\"https:\/\/bilis.sk\/\",\"name\":\"BILIS\",\"description\":\"slovensko-anglick\u00fd program vzdel\u00e1vania od 1. triedy Z\u0160\",\"publisher\":{\"@id\":\"https:\/\/bilis.sk\/#organization\"},\"potentialAction\":[{\"@type\":\"SearchAction\",\"target\":{\"@type\":\"EntryPoint\",\"urlTemplate\":\"https:\/\/bilis.sk\/?s={search_term_string}\"},\"query-input\":\"required name=search_term_string\"}],\"inLanguage\":\"en-GB\"},{\"@type\":\"Organization\",\"@id\":\"https:\/\/bilis.sk\/#organization\",\"name\":\"BILIS\",\"url\":\"https:\/\/bilis.sk\/\",\"logo\":{\"@type\":\"ImageObject\",\"inLanguage\":\"en-GB\",\"@id\":\"https:\/\/bilis.sk\/#\/schema\/logo\/image\/\",\"url\":\"https:\/\/bilis.sk\/wp-content\/uploads\/2023\/05\/BILISZAJO-M-vpravo.png\",\"contentUrl\":\"https:\/\/bilis.sk\/wp-content\/uploads\/2023\/05\/BILISZAJO-M-vpravo.png\",\"width\":256,\"height\":143,\"caption\":\"BILIS\"},\"image\":{\"@id\":\"https:\/\/bilis.sk\/#\/schema\/logo\/image\/\"}}]}<\/script>\n<!-- \/ Yoast SEO plugin. -->","yoast_head_json":{"title":"Prieskum z\u00e1ujmu rodi\u010dov o bilingv\u00e1lne vzdel\u00e1vanie v Z\u0160 Nitra - BILIS","description":"Bu\u010fte s\u00fa\u010das\u0165ou nov\u00e9ho inovat\u00edvneho vzdel\u00e1vania cudz\u00edch jazykov na Z\u0160. Vyjadren\u00edm v\u00e1\u0161ho n\u00e1zoru pom\u00f4\u017eete formova\u0165 bud\u00facnos\u0165 va\u0161ich det\u00ed.","robots":{"index":"index","follow":"follow","max-snippet":"max-snippet:-1","max-image-preview":"max-image-preview:large","max-video-preview":"max-video-preview:-1"},"canonical":"https:\/\/bilis.sk\/en\/formular-zs-nitra\/","og_locale":"en_GB","og_type":"article","og_title":"Prieskum z\u00e1ujmu rodi\u010dov o bilingv\u00e1lne vzdel\u00e1vanie v Z\u0160 Nitra - BILIS","og_description":"Bu\u010fte s\u00fa\u010das\u0165ou nov\u00e9ho inovat\u00edvneho vzdel\u00e1vania cudz\u00edch jazykov na Z\u0160. Vyjadren\u00edm v\u00e1\u0161ho n\u00e1zoru pom\u00f4\u017eete formova\u0165 bud\u00facnos\u0165 va\u0161ich det\u00ed.","og_url":"https:\/\/bilis.sk\/en\/formular-zs-nitra\/","og_site_name":"BILIS","article_modified_time":"2023-11-29T20:30:57+00:00","og_image":[{"width":2000,"height":952,"url":"https:\/\/bilis.sk\/wp-content\/uploads\/1.jpg","type":"image\/jpeg"}],"twitter_card":"summary_large_image","twitter_misc":{"Estimated reading time":"3 minutes"},"schema":{"@context":"https:\/\/schema.org","@graph":[{"@type":"WebPage","@id":"https:\/\/bilis.sk\/formular-zs-nitra\/","url":"https:\/\/bilis.sk\/formular-zs-nitra\/","name":"Prieskum z\u00e1ujmu rodi\u010dov o bilingv\u00e1lne vzdel\u00e1vanie v Z\u0160 Nitra - BILIS","isPartOf":{"@id":"https:\/\/bilis.sk\/#website"},"primaryImageOfPage":{"@id":"https:\/\/bilis.sk\/formular-zs-nitra\/#primaryimage"},"image":{"@id":"https:\/\/bilis.sk\/formular-zs-nitra\/#primaryimage"},"thumbnailUrl":"https:\/\/bilis.sk\/wp-content\/uploads\/1.jpg","datePublished":"2023-11-14T23:14:46+00:00","dateModified":"2023-11-29T20:30:57+00:00","description":"Bu\u010fte s\u00fa\u010das\u0165ou nov\u00e9ho inovat\u00edvneho vzdel\u00e1vania cudz\u00edch jazykov na Z\u0160. Vyjadren\u00edm v\u00e1\u0161ho n\u00e1zoru pom\u00f4\u017eete formova\u0165 bud\u00facnos\u0165 va\u0161ich det\u00ed.","breadcrumb":{"@id":"https:\/\/bilis.sk\/formular-zs-nitra\/#breadcrumb"},"inLanguage":"en-GB","potentialAction":[{"@type":"ReadAction","target":["https:\/\/bilis.sk\/formular-zs-nitra\/"]}]},{"@type":"ImageObject","inLanguage":"en-GB","@id":"https:\/\/bilis.sk\/formular-zs-nitra\/#primaryimage","url":"https:\/\/bilis.sk\/wp-content\/uploads\/1.jpg","contentUrl":"https:\/\/bilis.sk\/wp-content\/uploads\/1.jpg","width":2000,"height":952,"caption":"Prieskum z\u00e1ujmu o bilingv\u00e1lne vzdel\u00e1vanie v M\u0160 a Z\u0160"},{"@type":"BreadcrumbList","@id":"https:\/\/bilis.sk\/formular-zs-nitra\/#breadcrumb","itemListElement":[{"@type":"ListItem","position":1,"name":"Dom\u016f","item":"https:\/\/bilis.sk\/"},{"@type":"ListItem","position":2,"name":"Prieskum z\u00e1ujmu rodi\u010dov o bilingv\u00e1lne vzdel\u00e1vanie v Z\u0160 Nitra"}]},{"@type":"WebSite","@id":"https:\/\/bilis.sk\/#website","url":"https:\/\/bilis.sk\/","name":"BILIS","description":"slovensko-anglick\u00fd program vzdel\u00e1vania od 1. triedy Z\u0160","publisher":{"@id":"https:\/\/bilis.sk\/#organization"},"potentialAction":[{"@type":"SearchAction","target":{"@type":"EntryPoint","urlTemplate":"https:\/\/bilis.sk\/?s={search_term_string}"},"query-input":"required name=search_term_string"}],"inLanguage":"en-GB"},{"@type":"Organization","@id":"https:\/\/bilis.sk\/#organization","name":"BILIS","url":"https:\/\/bilis.sk\/","logo":{"@type":"ImageObject","inLanguage":"en-GB","@id":"https:\/\/bilis.sk\/#\/schema\/logo\/image\/","url":"https:\/\/bilis.sk\/wp-content\/uploads\/2023\/05\/BILISZAJO-M-vpravo.png","contentUrl":"https:\/\/bilis.sk\/wp-content\/uploads\/2023\/05\/BILISZAJO-M-vpravo.png","width":256,"height":143,"caption":"BILIS"},"image":{"@id":"https:\/\/bilis.sk\/#\/schema\/logo\/image\/"}}]}},"_links":{"self":[{"href":"https:\/\/bilis.sk\/en\/wp-json\/wp\/v2\/pages\/12514","targetHints":{"allow":["GET"]}}],"collection":[{"href":"https:\/\/bilis.sk\/en\/wp-json\/wp\/v2\/pages"}],"about":[{"href":"https:\/\/bilis.sk\/en\/wp-json\/wp\/v2\/types\/page"}],"author":[{"embeddable":true,"href":"https:\/\/bilis.sk\/en\/wp-json\/wp\/v2\/users\/5"}],"replies":[{"embeddable":true,"href":"https:\/\/bilis.sk\/en\/wp-json\/wp\/v2\/comments?post=12514"}],"version-history":[{"count":38,"href":"https:\/\/bilis.sk\/en\/wp-json\/wp\/v2\/pages\/12514\/revisions"}],"predecessor-version":[{"id":13958,"href":"https:\/\/bilis.sk\/en\/wp-json\/wp\/v2\/pages\/12514\/revisions\/13958"}],"wp:featuredmedia":[{"embeddable":true,"href":"https:\/\/bilis.sk\/en\/wp-json\/wp\/v2\/media\/13733"}],"wp:attachment":[{"href":"https:\/\/bilis.sk\/en\/wp-json\/wp\/v2\/media?parent=12514"}],"curies":[{"name":"wp","href":"https:\/\/api.w.org\/{rel}","templated":true}]}}