{"id":3902,"date":"2021-10-04T09:31:08","date_gmt":"2021-10-04T09:31:08","guid":{"rendered":"http:\/\/billis-school.9e.cz\/?page_id=3902"},"modified":"2025-04-07T20:21:55","modified_gmt":"2025-04-07T20:21:55","slug":"o-programe","status":"publish","type":"page","link":"https:\/\/bilis.sk\/en\/o-programe\/","title":{"rendered":"About the Program"},"content":{"rendered":"","protected":false},"excerpt":{"rendered":"","protected":false},"author":1,"featured_media":0,"parent":0,"menu_order":0,"comment_status":"closed","ping_status":"closed","template":"","meta":{"footnotes":""},"class_list":["post-3902","page","type-page","status-publish","hentry"],"yoast_head":"<!-- This site is optimized with the Yoast SEO plugin v23.3 - https:\/\/yoast.com\/wordpress\/plugins\/seo\/ -->\n<title>O programe - BILIS<\/title>\n<meta name=\"robots\" content=\"index, follow, max-snippet:-1, max-image-preview:large, max-video-preview:-1\" \/>\n<link rel=\"canonical\" href=\"https:\/\/bilis.sk\/en\/o-programe\/\" \/>\n<meta property=\"og:locale\" content=\"en_GB\" \/>\n<meta property=\"og:type\" content=\"article\" \/>\n<meta property=\"og:title\" content=\"O programe - BILIS\" \/>\n<meta property=\"og:url\" content=\"https:\/\/bilis.sk\/en\/o-programe\/\" \/>\n<meta property=\"og:site_name\" content=\"BILIS\" \/>\n<meta property=\"article:modified_time\" content=\"2025-04-07T20:21:55+00:00\" \/>\n<meta name=\"twitter:card\" content=\"summary_large_image\" \/>\n<script type=\"application\/ld+json\" class=\"yoast-schema-graph\">{\"@context\":\"https:\/\/schema.org\",\"@graph\":[{\"@type\":\"WebPage\",\"@id\":\"https:\/\/bilis.sk\/o-programe\/\",\"url\":\"https:\/\/bilis.sk\/o-programe\/\",\"name\":\"O programe - BILIS\",\"isPartOf\":{\"@id\":\"https:\/\/bilis.sk\/#website\"},\"datePublished\":\"2021-10-04T09:31:08+00:00\",\"dateModified\":\"2025-04-07T20:21:55+00:00\",\"breadcrumb\":{\"@id\":\"https:\/\/bilis.sk\/o-programe\/#breadcrumb\"},\"inLanguage\":\"en-GB\",\"potentialAction\":[{\"@type\":\"ReadAction\",\"target\":[\"https:\/\/bilis.sk\/o-programe\/\"]}]},{\"@type\":\"BreadcrumbList\",\"@id\":\"https:\/\/bilis.sk\/o-programe\/#breadcrumb\",\"itemListElement\":[{\"@type\":\"ListItem\",\"position\":1,\"name\":\"Dom\u016f\",\"item\":\"https:\/\/bilis.sk\/\"},{\"@type\":\"ListItem\",\"position\":2,\"name\":\"O programe\"}]},{\"@type\":\"WebSite\",\"@id\":\"https:\/\/bilis.sk\/#website\",\"url\":\"https:\/\/bilis.sk\/\",\"name\":\"BILIS\",\"description\":\"slovensko-anglick\u00fd program vzdel\u00e1vania od 1. triedy Z\u0160\",\"publisher\":{\"@id\":\"https:\/\/bilis.sk\/#organization\"},\"potentialAction\":[{\"@type\":\"SearchAction\",\"target\":{\"@type\":\"EntryPoint\",\"urlTemplate\":\"https:\/\/bilis.sk\/?s={search_term_string}\"},\"query-input\":\"required name=search_term_string\"}],\"inLanguage\":\"en-GB\"},{\"@type\":\"Organization\",\"@id\":\"https:\/\/bilis.sk\/#organization\",\"name\":\"BILIS\",\"url\":\"https:\/\/bilis.sk\/\",\"logo\":{\"@type\":\"ImageObject\",\"inLanguage\":\"en-GB\",\"@id\":\"https:\/\/bilis.sk\/#\/schema\/logo\/image\/\",\"url\":\"https:\/\/bilis.sk\/wp-content\/uploads\/2023\/05\/BILISZAJO-M-vpravo.png\",\"contentUrl\":\"https:\/\/bilis.sk\/wp-content\/uploads\/2023\/05\/BILISZAJO-M-vpravo.png\",\"width\":256,\"height\":143,\"caption\":\"BILIS\"},\"image\":{\"@id\":\"https:\/\/bilis.sk\/#\/schema\/logo\/image\/\"}}]}<\/script>\n<!-- \/ Yoast SEO plugin. -->","yoast_head_json":{"title":"O programe - BILIS","robots":{"index":"index","follow":"follow","max-snippet":"max-snippet:-1","max-image-preview":"max-image-preview:large","max-video-preview":"max-video-preview:-1"},"canonical":"https:\/\/bilis.sk\/en\/o-programe\/","og_locale":"en_GB","og_type":"article","og_title":"O programe - BILIS","og_url":"https:\/\/bilis.sk\/en\/o-programe\/","og_site_name":"BILIS","article_modified_time":"2025-04-07T20:21:55+00:00","twitter_card":"summary_large_image","schema":{"@context":"https:\/\/schema.org","@graph":[{"@type":"WebPage","@id":"https:\/\/bilis.sk\/o-programe\/","url":"https:\/\/bilis.sk\/o-programe\/","name":"O programe - BILIS","isPartOf":{"@id":"https:\/\/bilis.sk\/#website"},"datePublished":"2021-10-04T09:31:08+00:00","dateModified":"2025-04-07T20:21:55+00:00","breadcrumb":{"@id":"https:\/\/bilis.sk\/o-programe\/#breadcrumb"},"inLanguage":"en-GB","potentialAction":[{"@type":"ReadAction","target":["https:\/\/bilis.sk\/o-programe\/"]}]},{"@type":"BreadcrumbList","@id":"https:\/\/bilis.sk\/o-programe\/#breadcrumb","itemListElement":[{"@type":"ListItem","position":1,"name":"Dom\u016f","item":"https:\/\/bilis.sk\/"},{"@type":"ListItem","position":2,"name":"O programe"}]},{"@type":"WebSite","@id":"https:\/\/bilis.sk\/#website","url":"https:\/\/bilis.sk\/","name":"BILIS","description":"slovensko-anglick\u00fd program vzdel\u00e1vania od 1. triedy Z\u0160","publisher":{"@id":"https:\/\/bilis.sk\/#organization"},"potentialAction":[{"@type":"SearchAction","target":{"@type":"EntryPoint","urlTemplate":"https:\/\/bilis.sk\/?s={search_term_string}"},"query-input":"required name=search_term_string"}],"inLanguage":"en-GB"},{"@type":"Organization","@id":"https:\/\/bilis.sk\/#organization","name":"BILIS","url":"https:\/\/bilis.sk\/","logo":{"@type":"ImageObject","inLanguage":"en-GB","@id":"https:\/\/bilis.sk\/#\/schema\/logo\/image\/","url":"https:\/\/bilis.sk\/wp-content\/uploads\/2023\/05\/BILISZAJO-M-vpravo.png","contentUrl":"https:\/\/bilis.sk\/wp-content\/uploads\/2023\/05\/BILISZAJO-M-vpravo.png","width":256,"height":143,"caption":"BILIS"},"image":{"@id":"https:\/\/bilis.sk\/#\/schema\/logo\/image\/"}}]}},"_links":{"self":[{"href":"https:\/\/bilis.sk\/en\/wp-json\/wp\/v2\/pages\/3902","targetHints":{"allow":["GET"]}}],"collection":[{"href":"https:\/\/bilis.sk\/en\/wp-json\/wp\/v2\/pages"}],"about":[{"href":"https:\/\/bilis.sk\/en\/wp-json\/wp\/v2\/types\/page"}],"author":[{"embeddable":true,"href":"https:\/\/bilis.sk\/en\/wp-json\/wp\/v2\/users\/1"}],"replies":[{"embeddable":true,"href":"https:\/\/bilis.sk\/en\/wp-json\/wp\/v2\/comments?post=3902"}],"version-history":[{"count":2,"href":"https:\/\/bilis.sk\/en\/wp-json\/wp\/v2\/pages\/3902\/revisions"}],"predecessor-version":[{"id":14310,"href":"https:\/\/bilis.sk\/en\/wp-json\/wp\/v2\/pages\/3902\/revisions\/14310"}],"wp:attachment":[{"href":"https:\/\/bilis.sk\/en\/wp-json\/wp\/v2\/media?parent=3902"}],"curies":[{"name":"wp","href":"https:\/\/api.w.org\/{rel}","templated":true}]}}