{"id":5130,"date":"2021-10-19T09:54:21","date_gmt":"2021-10-19T09:54:21","guid":{"rendered":"http:\/\/billis-school.9e.cz\/?page_id=5130"},"modified":"2025-04-07T21:17:47","modified_gmt":"2025-04-07T21:17:47","slug":"blog","status":"publish","type":"page","link":"https:\/\/bilis.sk\/en\/blog\/","title":{"rendered":"Blog"},"content":{"rendered":"<div data-elementor-type=\"wp-page\" data-elementor-id=\"5130\" class=\"elementor elementor-5130\">\n\t\t\t\t\t\t<section class=\"elementor-section elementor-top-section elementor-element elementor-element-042c658 animated-slow elementor-hidden-mobile elementor-section-boxed elementor-section-height-default elementor-section-height-default elementor-invisible\" data-id=\"042c658\" data-element_type=\"section\" data-settings=\"{&quot;background_background&quot;:&quot;classic&quot;,&quot;animation&quot;:&quot;fadeIn&quot;}\">\n\t\t\t\t\t\t<div class=\"elementor-container elementor-column-gap-default\">\n\t\t\t\t\t<div class=\"elementor-column elementor-col-50 elementor-top-column elementor-element elementor-element-bb53edf\" data-id=\"bb53edf\" data-element_type=\"column\">\n\t\t\t<div class=\"elementor-widget-wrap elementor-element-populated\">\n\t\t\t\t\t\t<div class=\"elementor-element elementor-element-194864a animated-slow elementor-invisible elementor-widget elementor-widget-heading\" data-id=\"194864a\" data-element_type=\"widget\" data-settings=\"{&quot;_animation&quot;:&quot;fadeIn&quot;}\" data-widget_type=\"heading.default\">\n\t\t\t\t<div class=\"elementor-widget-container\">\n\t\t\t\t\t<h2 class=\"elementor-heading-title elementor-size-default\">News from BILIS<\/h2>\t\t\t\t<\/div>\n\t\t\t\t<\/div>\n\t\t\t\t<div class=\"elementor-element elementor-element-7825292 elementor-widget-divider--view-line elementor-widget elementor-widget-divider\" data-id=\"7825292\" data-element_type=\"widget\" data-widget_type=\"divider.default\">\n\t\t\t\t<div class=\"elementor-widget-container\">\n\t\t\t\t\t\t\t<div class=\"elementor-divider\">\n\t\t\t<span class=\"elementor-divider-separator\">\n\t\t\t\t\t\t<\/span>\n\t\t<\/div>\n\t\t\t\t\t\t<\/div>\n\t\t\t\t<\/div>\n\t\t\t\t<div class=\"elementor-element elementor-element-0e1189a elementor-widget elementor-widget-text-editor\" data-id=\"0e1189a\" data-element_type=\"widget\" data-widget_type=\"text-editor.default\">\n\t\t\t\t<div class=\"elementor-widget-container\">\n\t\t\t\t\t\t\t\t\t<div>The latest information, interesting facts and stories from the world of bilingualism and our BILIS program, where we will provide you with answers to all your questions - from What are the advantages of education in two languages \u200b\u200bto Rabbit's adventures when BILIS becomes part of your children's education.<\/div>\t\t\t\t\t\t\t\t<\/div>\n\t\t\t\t<\/div>\n\t\t\t\t\t<\/div>\n\t\t<\/div>\n\t\t\t\t<div class=\"elementor-column elementor-col-50 elementor-top-column elementor-element elementor-element-b5413d3\" data-id=\"b5413d3\" data-element_type=\"column\" data-settings=\"{&quot;background_background&quot;:&quot;classic&quot;}\">\n\t\t\t<div class=\"elementor-widget-wrap elementor-element-populated\">\n\t\t\t\t\t\t<div class=\"elementor-element elementor-element-04bbf68 elementor-widget elementor-widget-image\" data-id=\"04bbf68\" data-element_type=\"widget\" data-widget_type=\"image.default\">\n\t\t\t\t<div class=\"elementor-widget-container\">\n\t\t\t\t\t\t\t\t\t\t\t\t\t\t\t<img fetchpriority=\"high\" decoding=\"async\" width=\"1000\" height=\"524\" src=\"https:\/\/bilis.sk\/wp-content\/uploads\/2022\/01\/blogovy-prispevek.jpg\" class=\"attachment-full size-full wp-image-9713\" alt=\"\" srcset=\"https:\/\/bilis.sk\/wp-content\/uploads\/2022\/01\/blogovy-prispevek.jpg 1000w, https:\/\/bilis.sk\/wp-content\/uploads\/2022\/01\/blogovy-prispevek-300x157.jpg 300w, https:\/\/bilis.sk\/wp-content\/uploads\/2022\/01\/blogovy-prispevek-768x402.jpg 768w\" sizes=\"(max-width: 1000px) 100vw, 1000px\" \/>\t\t\t\t\t\t\t\t\t\t\t\t\t\t\t<\/div>\n\t\t\t\t<\/div>\n\t\t\t\t\t<\/div>\n\t\t<\/div>\n\t\t\t\t\t<\/div>\n\t\t<\/section>\n\t\t\t\t<section class=\"elementor-section elementor-top-section elementor-element elementor-element-8988982 animated-slow elementor-section-boxed elementor-section-height-default elementor-section-height-default elementor-invisible\" data-id=\"8988982\" data-element_type=\"section\" data-settings=\"{&quot;animation&quot;:&quot;fadeIn&quot;}\">\n\t\t\t\t\t\t<div class=\"elementor-container elementor-column-gap-default\">\n\t\t\t\t\t<div class=\"elementor-column elementor-col-100 elementor-top-column elementor-element elementor-element-96fcebf\" data-id=\"96fcebf\" data-element_type=\"column\">\n\t\t\t<div class=\"elementor-widget-wrap elementor-element-populated\">\n\t\t\t\t\t\t<div class=\"elementor-element elementor-element-c020b9b elementor-widget elementor-widget-edubin-latest-post\" data-id=\"c020b9b\" data-element_type=\"widget\" data-widget_type=\"edubin-latest-post.default\">\n\t\t\t\t<div class=\"elementor-widget-container\">\n\t\t\t\t\t            <div class=\"row tpc_g_30 edubin-latest-news layout-1\">\n\n            \n                       \n                \n          \n                    <div class=\"col-xs-12 col-sm-6 col-md-6 col-lg-4 4\">\n                        <div class=\"single-news\">\n                                                            <div class=\"news-thum\">\n                                    <a href=\"https:\/\/bilis.sk\/en\/fakty-a-myty-o-dvojjazycnosti-deti\/\">\n                                        <img decoding=\"async\" width=\"525\" height=\"275\" src=\"https:\/\/bilis.sk\/wp-content\/uploads\/2023\/09\/Untitled-design-1024x537.jpg\" class=\"attachment-large size-large wp-post-image\" alt=\"\" srcset=\"https:\/\/bilis.sk\/wp-content\/uploads\/2023\/09\/Untitled-design-1024x537.jpg 1024w, https:\/\/bilis.sk\/wp-content\/uploads\/2023\/09\/Untitled-design-300x157.jpg 300w, https:\/\/bilis.sk\/wp-content\/uploads\/2023\/09\/Untitled-design-768x402.jpg 768w, https:\/\/bilis.sk\/wp-content\/uploads\/2023\/09\/Untitled-design-1536x805.jpg 1536w, https:\/\/bilis.sk\/wp-content\/uploads\/2023\/09\/Untitled-design-18x9.jpg 18w, https:\/\/bilis.sk\/wp-content\/uploads\/2023\/09\/Untitled-design.jpg 2048w\" sizes=\"(max-width: 525px) 100vw, 525px\" \/>                                    <\/a>\n                                <\/div>\n                            \n                                <div class=\"news-cont\">\n                                                                        <ul>\n                                                                                                                    <\/ul>\n                                                                            <a href=\"https:\/\/bilis.sk\/en\/fakty-a-myty-o-dvojjazycnosti-deti\/\"><h3 class=\"news-title\">Facts and Myths about Children's Bilingualism<\/h3><\/a>\n                                                                                                            \n                                <\/div>\n                            <\/div> <!-- single news -->\n                    <\/div>\n      \n\n                    \n                       \n                \n          \n                    <div class=\"col-xs-12 col-sm-6 col-md-6 col-lg-4 4\">\n                        <div class=\"single-news\">\n                                                            <div class=\"news-thum\">\n                                    <a href=\"https:\/\/bilis.sk\/en\/dvojjazycne-deti\/\">\n                                        <img decoding=\"async\" width=\"525\" height=\"275\" src=\"https:\/\/bilis.sk\/wp-content\/uploads\/2023\/09\/Bilis4-1024x537.jpg\" class=\"attachment-large size-large wp-post-image\" alt=\"\" srcset=\"https:\/\/bilis.sk\/wp-content\/uploads\/2023\/09\/Bilis4-1024x537.jpg 1024w, https:\/\/bilis.sk\/wp-content\/uploads\/2023\/09\/Bilis4-300x157.jpg 300w, https:\/\/bilis.sk\/wp-content\/uploads\/2023\/09\/Bilis4-768x402.jpg 768w, https:\/\/bilis.sk\/wp-content\/uploads\/2023\/09\/Bilis4-1536x805.jpg 1536w, https:\/\/bilis.sk\/wp-content\/uploads\/2023\/09\/Bilis4-18x9.jpg 18w, https:\/\/bilis.sk\/wp-content\/uploads\/2023\/09\/Bilis4.jpg 2048w\" sizes=\"(max-width: 525px) 100vw, 525px\" \/>                                    <\/a>\n                                <\/div>\n                            \n                                <div class=\"news-cont\">\n                                                                        <ul>\n                                                                                                                    <\/ul>\n                                                                            <a href=\"https:\/\/bilis.sk\/en\/dvojjazycne-deti\/\"><h3 class=\"news-title\">Are bilingual children more prone to language difficulties, delays, or disorders?<\/h3><\/a>\n                                                                                                            \n                                <\/div>\n                            <\/div> <!-- single news -->\n                    <\/div>\n      \n\n                    \n                       \n                \n          \n                    <div class=\"col-xs-12 col-sm-6 col-md-6 col-lg-4 4\">\n                        <div class=\"single-news\">\n                                                            <div class=\"news-thum\">\n                                    <a href=\"https:\/\/bilis.sk\/en\/mali-by-rodicia-zabranit-miesaniu-jazykov\/\">\n                                        <img loading=\"lazy\" decoding=\"async\" width=\"525\" height=\"275\" src=\"https:\/\/bilis.sk\/wp-content\/uploads\/2023\/09\/Bilis5-1024x537.jpg\" class=\"attachment-large size-large wp-post-image\" alt=\"\" srcset=\"https:\/\/bilis.sk\/wp-content\/uploads\/2023\/09\/Bilis5-1024x537.jpg 1024w, https:\/\/bilis.sk\/wp-content\/uploads\/2023\/09\/Bilis5-300x157.jpg 300w, https:\/\/bilis.sk\/wp-content\/uploads\/2023\/09\/Bilis5-768x402.jpg 768w, https:\/\/bilis.sk\/wp-content\/uploads\/2023\/09\/Bilis5-1536x805.jpg 1536w, https:\/\/bilis.sk\/wp-content\/uploads\/2023\/09\/Bilis5-18x9.jpg 18w, https:\/\/bilis.sk\/wp-content\/uploads\/2023\/09\/Bilis5.jpg 2048w\" sizes=\"(max-width: 525px) 100vw, 525px\" \/>                                    <\/a>\n                                <\/div>\n                            \n                                <div class=\"news-cont\">\n                                                                        <ul>\n                                                                                                                    <\/ul>\n                                                                            <a href=\"https:\/\/bilis.sk\/en\/mali-by-rodicia-zabranit-miesaniu-jazykov\/\"><h3 class=\"news-title\">Should Parents Prevent Mixing Languages?<\/h3><\/a>\n                                                                                                            \n                                <\/div>\n                            <\/div> <!-- single news -->\n                    <\/div>\n      \n\n                    \n                       \n                \n          \n                    <div class=\"col-xs-12 col-sm-6 col-md-6 col-lg-4 4\">\n                        <div class=\"single-news\">\n                                                            <div class=\"news-thum\">\n                                    <a href=\"https:\/\/bilis.sk\/en\/hovorit-s-dvojjazycnym-dietatom-iba-v-jednom-jazyku\/\">\n                                        <img loading=\"lazy\" decoding=\"async\" width=\"525\" height=\"275\" src=\"https:\/\/bilis.sk\/wp-content\/uploads\/2023\/09\/Bilis-7-1024x537.jpg\" class=\"attachment-large size-large wp-post-image\" alt=\"\" srcset=\"https:\/\/bilis.sk\/wp-content\/uploads\/2023\/09\/Bilis-7-1024x537.jpg 1024w, https:\/\/bilis.sk\/wp-content\/uploads\/2023\/09\/Bilis-7-300x157.jpg 300w, https:\/\/bilis.sk\/wp-content\/uploads\/2023\/09\/Bilis-7-768x402.jpg 768w, https:\/\/bilis.sk\/wp-content\/uploads\/2023\/09\/Bilis-7-1536x805.jpg 1536w, https:\/\/bilis.sk\/wp-content\/uploads\/2023\/09\/Bilis-7-18x9.jpg 18w, https:\/\/bilis.sk\/wp-content\/uploads\/2023\/09\/Bilis-7.jpg 2048w\" sizes=\"(max-width: 525px) 100vw, 525px\" \/>                                    <\/a>\n                                <\/div>\n                            \n                                <div class=\"news-cont\">\n                                                                        <ul>\n                                                                                                                    <\/ul>\n                                                                            <a href=\"https:\/\/bilis.sk\/en\/hovorit-s-dvojjazycnym-dietatom-iba-v-jednom-jazyku\/\"><h3 class=\"news-title\">Should Each Person Speak to a Bilingual Child in Only One Language?<\/h3><\/a>\n                                                                                                            \n                                <\/div>\n                            <\/div> <!-- single news -->\n                    <\/div>\n      \n\n                    \n                       \n                \n          \n                    <div class=\"col-xs-12 col-sm-6 col-md-6 col-lg-4 4\">\n                        <div class=\"single-news\">\n                                                            <div class=\"news-thum\">\n                                    <a href=\"https:\/\/bilis.sk\/en\/su-dvojjazycne-deti-zmatene\/\">\n                                        <img loading=\"lazy\" decoding=\"async\" width=\"525\" height=\"275\" src=\"https:\/\/bilis.sk\/wp-content\/uploads\/2023\/09\/Bilis3-1024x537.jpg\" class=\"attachment-large size-large wp-post-image\" alt=\"\" srcset=\"https:\/\/bilis.sk\/wp-content\/uploads\/2023\/09\/Bilis3-1024x537.jpg 1024w, https:\/\/bilis.sk\/wp-content\/uploads\/2023\/09\/Bilis3-300x157.jpg 300w, https:\/\/bilis.sk\/wp-content\/uploads\/2023\/09\/Bilis3-768x402.jpg 768w, https:\/\/bilis.sk\/wp-content\/uploads\/2023\/09\/Bilis3-1536x805.jpg 1536w, https:\/\/bilis.sk\/wp-content\/uploads\/2023\/09\/Bilis3-18x9.jpg 18w, https:\/\/bilis.sk\/wp-content\/uploads\/2023\/09\/Bilis3.jpg 2048w\" sizes=\"(max-width: 525px) 100vw, 525px\" \/>                                    <\/a>\n                                <\/div>\n                            \n                                <div class=\"news-cont\">\n                                                                        <ul>\n                                                                                                                    <\/ul>\n                                                                            <a href=\"https:\/\/bilis.sk\/en\/su-dvojjazycne-deti-zmatene\/\"><h3 class=\"news-title\">Are Bilingual Children Confused?<\/h3><\/a>\n                                                                                                            \n                                <\/div>\n                            <\/div> <!-- single news -->\n                    <\/div>\n      \n\n                    \n                       \n                \n          \n                    <div class=\"col-xs-12 col-sm-6 col-md-6 col-lg-4 4\">\n                        <div class=\"single-news\">\n                                                            <div class=\"news-thum\">\n                                    <a href=\"https:\/\/bilis.sk\/en\/robi-dvojjazycnost-deti-inteligentnejsimi\/\">\n                                        <img loading=\"lazy\" decoding=\"async\" width=\"525\" height=\"275\" src=\"https:\/\/bilis.sk\/wp-content\/uploads\/2021\/12\/holka-1024x536.jpg\" class=\"attachment-large size-large wp-post-image\" alt=\"\" srcset=\"https:\/\/bilis.sk\/wp-content\/uploads\/2021\/12\/holka-1024x536.jpg 1024w, https:\/\/bilis.sk\/wp-content\/uploads\/2021\/12\/holka-300x157.jpg 300w, https:\/\/bilis.sk\/wp-content\/uploads\/2021\/12\/holka-768x402.jpg 768w, https:\/\/bilis.sk\/wp-content\/uploads\/2021\/12\/holka-1536x805.jpg 1536w, https:\/\/bilis.sk\/wp-content\/uploads\/2021\/12\/holka-2048x1073.jpg 2048w\" sizes=\"(max-width: 525px) 100vw, 525px\" \/>                                    <\/a>\n                                <\/div>\n                            \n                                <div class=\"news-cont\">\n                                                                        <ul>\n                                                                                                                    <\/ul>\n                                                                            <a href=\"https:\/\/bilis.sk\/en\/robi-dvojjazycnost-deti-inteligentnejsimi\/\"><h3 class=\"news-title\">Does Bilingualism Make Children Smarter?<\/h3><\/a>\n                                                                                                            \n                                <\/div>\n                            <\/div> <!-- single news -->\n                    <\/div>\n      \n\n                    \n                                 \n\n    \n                                \t\t\t\t<\/div>\n\t\t\t\t<\/div>\n\t\t\t\t\t<\/div>\n\t\t<\/div>\n\t\t\t\t\t<\/div>\n\t\t<\/section>\n\t\t\t\t<section class=\"elementor-section elementor-top-section elementor-element elementor-element-4a26b90 elementor-section-boxed elementor-section-height-default elementor-section-height-default\" data-id=\"4a26b90\" data-element_type=\"section\">\n\t\t\t\t\t\t<div class=\"elementor-container elementor-column-gap-default\">\n\t\t\t\t\t<div class=\"elementor-column elementor-col-100 elementor-top-column elementor-element elementor-element-3090b11\" data-id=\"3090b11\" data-element_type=\"column\">\n\t\t\t<div class=\"elementor-widget-wrap elementor-element-populated\">\n\t\t\t\t\t\t<div class=\"elementor-element elementor-element-0034355 elementor-align-left elementor-tablet-align-left elementor-mobile-align-left elementor-widget elementor-widget-button\" data-id=\"0034355\" data-element_type=\"widget\" data-widget_type=\"button.default\">\n\t\t\t\t<div class=\"elementor-widget-container\">\n\t\t\t\t\t\t\t\t\t<div class=\"elementor-button-wrapper\">\n\t\t\t\t\t<a class=\"elementor-button elementor-button-link elementor-size-sm\" href=\"https:\/\/bilis.sk\/en\/blog-clanky\/\" id=\"tlacitko\">\n\t\t\t\t\t\t<span class=\"elementor-button-content-wrapper\">\n\t\t\t\t\t\t\t\t\t<span class=\"elementor-button-text\">All articles<\/span>\n\t\t\t\t\t<\/span>\n\t\t\t\t\t<\/a>\n\t\t\t\t<\/div>\n\t\t\t\t\t\t\t\t<\/div>\n\t\t\t\t<\/div>\n\t\t\t\t\t<\/div>\n\t\t<\/div>\n\t\t\t\t\t<\/div>\n\t\t<\/section>\n\t\t\t\t<\/div>","protected":false},"excerpt":{"rendered":"<p>Novinky z BILISu Najnov\u0161ie inform\u00e1cie, zauj\u00edmavosti a pr\u00edbehy zo sveta bilingvizmu a n\u00e1\u0161ho programu BILIS, kde v\u00e1m poskytneme odpovede na v\u0161etky va\u0161e ot\u00e1zky &#8211; od Ak\u00e9 v\u00fdhody m\u00e1 vzdel\u00e1vanie v dvoch jazykoch a\u017e po Zaja\u010die dobrodru\u017estv\u00e1, ke\u010f sa BILIS stane s\u00fa\u010das\u0165ou vzdel\u00e1vania va\u0161ich det\u00ed. Fakty [&hellip;]<\/p>\n","protected":false},"author":1,"featured_media":0,"parent":0,"menu_order":0,"comment_status":"closed","ping_status":"closed","template":"","meta":{"footnotes":""},"class_list":["post-5130","page","type-page","status-publish","hentry"],"yoast_head":"<!-- This site is optimized with the Yoast SEO plugin v23.3 - https:\/\/yoast.com\/wordpress\/plugins\/seo\/ -->\n<title>Blog - BILIS<\/title>\n<meta name=\"description\" content=\"Vitajte na na\u0161om blogu a objavte pr\u00ednosy, v\u00fdzvy a praktick\u00e9 tipy na podporu jazykov\u00e9ho vzdel\u00e1vania va\u0161ich mal\u00fdch \u0161kol\u00e1kov\" \/>\n<meta name=\"robots\" content=\"index, follow, max-snippet:-1, max-image-preview:large, max-video-preview:-1\" \/>\n<link rel=\"canonical\" href=\"https:\/\/bilis.sk\/en\/blog\/\" \/>\n<meta property=\"og:locale\" content=\"en_GB\" \/>\n<meta property=\"og:type\" content=\"article\" \/>\n<meta property=\"og:title\" content=\"Blog - BILIS\" \/>\n<meta property=\"og:description\" content=\"Vitajte na na\u0161om blogu a objavte pr\u00ednosy, v\u00fdzvy a praktick\u00e9 tipy na podporu jazykov\u00e9ho vzdel\u00e1vania va\u0161ich mal\u00fdch \u0161kol\u00e1kov\" \/>\n<meta property=\"og:url\" content=\"https:\/\/bilis.sk\/en\/blog\/\" \/>\n<meta property=\"og:site_name\" content=\"BILIS\" \/>\n<meta property=\"article:modified_time\" content=\"2025-04-07T21:17:47+00:00\" \/>\n<meta property=\"og:image\" content=\"https:\/\/bilis.sk\/wp-content\/uploads\/2022\/01\/blogovy-prispevek.jpg\" \/>\n<meta name=\"twitter:card\" content=\"summary_large_image\" \/>\n<meta name=\"twitter:label1\" content=\"Estimated reading time\" \/>\n\t<meta name=\"twitter:data1\" content=\"2 minutes\" \/>\n<script type=\"application\/ld+json\" class=\"yoast-schema-graph\">{\"@context\":\"https:\/\/schema.org\",\"@graph\":[{\"@type\":\"WebPage\",\"@id\":\"https:\/\/bilis.sk\/blog\/\",\"url\":\"https:\/\/bilis.sk\/blog\/\",\"name\":\"Blog - BILIS\",\"isPartOf\":{\"@id\":\"https:\/\/bilis.sk\/#website\"},\"primaryImageOfPage\":{\"@id\":\"https:\/\/bilis.sk\/blog\/#primaryimage\"},\"image\":{\"@id\":\"https:\/\/bilis.sk\/blog\/#primaryimage\"},\"thumbnailUrl\":\"https:\/\/bilis.sk\/wp-content\/uploads\/2022\/01\/blogovy-prispevek.jpg\",\"datePublished\":\"2021-10-19T09:54:21+00:00\",\"dateModified\":\"2025-04-07T21:17:47+00:00\",\"description\":\"Vitajte na na\u0161om blogu a objavte pr\u00ednosy, v\u00fdzvy a praktick\u00e9 tipy na podporu jazykov\u00e9ho vzdel\u00e1vania va\u0161ich mal\u00fdch \u0161kol\u00e1kov\",\"breadcrumb\":{\"@id\":\"https:\/\/bilis.sk\/blog\/#breadcrumb\"},\"inLanguage\":\"en-GB\",\"potentialAction\":[{\"@type\":\"ReadAction\",\"target\":[\"https:\/\/bilis.sk\/blog\/\"]}]},{\"@type\":\"ImageObject\",\"inLanguage\":\"en-GB\",\"@id\":\"https:\/\/bilis.sk\/blog\/#primaryimage\",\"url\":\"https:\/\/bilis.sk\/wp-content\/uploads\/2022\/01\/blogovy-prispevek.jpg\",\"contentUrl\":\"https:\/\/bilis.sk\/wp-content\/uploads\/2022\/01\/blogovy-prispevek.jpg\"},{\"@type\":\"BreadcrumbList\",\"@id\":\"https:\/\/bilis.sk\/blog\/#breadcrumb\",\"itemListElement\":[{\"@type\":\"ListItem\",\"position\":1,\"name\":\"Dom\u016f\",\"item\":\"https:\/\/bilis.sk\/\"},{\"@type\":\"ListItem\",\"position\":2,\"name\":\"Blog\"}]},{\"@type\":\"WebSite\",\"@id\":\"https:\/\/bilis.sk\/#website\",\"url\":\"https:\/\/bilis.sk\/\",\"name\":\"BILIS\",\"description\":\"slovensko-anglick\u00fd program vzdel\u00e1vania od 1. triedy Z\u0160\",\"publisher\":{\"@id\":\"https:\/\/bilis.sk\/#organization\"},\"potentialAction\":[{\"@type\":\"SearchAction\",\"target\":{\"@type\":\"EntryPoint\",\"urlTemplate\":\"https:\/\/bilis.sk\/?s={search_term_string}\"},\"query-input\":\"required name=search_term_string\"}],\"inLanguage\":\"en-GB\"},{\"@type\":\"Organization\",\"@id\":\"https:\/\/bilis.sk\/#organization\",\"name\":\"BILIS\",\"url\":\"https:\/\/bilis.sk\/\",\"logo\":{\"@type\":\"ImageObject\",\"inLanguage\":\"en-GB\",\"@id\":\"https:\/\/bilis.sk\/#\/schema\/logo\/image\/\",\"url\":\"https:\/\/bilis.sk\/wp-content\/uploads\/2023\/05\/BILISZAJO-M-vpravo.png\",\"contentUrl\":\"https:\/\/bilis.sk\/wp-content\/uploads\/2023\/05\/BILISZAJO-M-vpravo.png\",\"width\":256,\"height\":143,\"caption\":\"BILIS\"},\"image\":{\"@id\":\"https:\/\/bilis.sk\/#\/schema\/logo\/image\/\"}}]}<\/script>\n<!-- \/ Yoast SEO plugin. -->","yoast_head_json":{"title":"Blog - BILIS","description":"Vitajte na na\u0161om blogu a objavte pr\u00ednosy, v\u00fdzvy a praktick\u00e9 tipy na podporu jazykov\u00e9ho vzdel\u00e1vania va\u0161ich mal\u00fdch \u0161kol\u00e1kov","robots":{"index":"index","follow":"follow","max-snippet":"max-snippet:-1","max-image-preview":"max-image-preview:large","max-video-preview":"max-video-preview:-1"},"canonical":"https:\/\/bilis.sk\/en\/blog\/","og_locale":"en_GB","og_type":"article","og_title":"Blog - BILIS","og_description":"Vitajte na na\u0161om blogu a objavte pr\u00ednosy, v\u00fdzvy a praktick\u00e9 tipy na podporu jazykov\u00e9ho vzdel\u00e1vania va\u0161ich mal\u00fdch \u0161kol\u00e1kov","og_url":"https:\/\/bilis.sk\/en\/blog\/","og_site_name":"BILIS","article_modified_time":"2025-04-07T21:17:47+00:00","og_image":[{"url":"https:\/\/bilis.sk\/wp-content\/uploads\/2022\/01\/blogovy-prispevek.jpg"}],"twitter_card":"summary_large_image","twitter_misc":{"Estimated reading time":"2 minutes"},"schema":{"@context":"https:\/\/schema.org","@graph":[{"@type":"WebPage","@id":"https:\/\/bilis.sk\/blog\/","url":"https:\/\/bilis.sk\/blog\/","name":"Blog - BILIS","isPartOf":{"@id":"https:\/\/bilis.sk\/#website"},"primaryImageOfPage":{"@id":"https:\/\/bilis.sk\/blog\/#primaryimage"},"image":{"@id":"https:\/\/bilis.sk\/blog\/#primaryimage"},"thumbnailUrl":"https:\/\/bilis.sk\/wp-content\/uploads\/2022\/01\/blogovy-prispevek.jpg","datePublished":"2021-10-19T09:54:21+00:00","dateModified":"2025-04-07T21:17:47+00:00","description":"Vitajte na na\u0161om blogu a objavte pr\u00ednosy, v\u00fdzvy a praktick\u00e9 tipy na podporu jazykov\u00e9ho vzdel\u00e1vania va\u0161ich mal\u00fdch \u0161kol\u00e1kov","breadcrumb":{"@id":"https:\/\/bilis.sk\/blog\/#breadcrumb"},"inLanguage":"en-GB","potentialAction":[{"@type":"ReadAction","target":["https:\/\/bilis.sk\/blog\/"]}]},{"@type":"ImageObject","inLanguage":"en-GB","@id":"https:\/\/bilis.sk\/blog\/#primaryimage","url":"https:\/\/bilis.sk\/wp-content\/uploads\/2022\/01\/blogovy-prispevek.jpg","contentUrl":"https:\/\/bilis.sk\/wp-content\/uploads\/2022\/01\/blogovy-prispevek.jpg"},{"@type":"BreadcrumbList","@id":"https:\/\/bilis.sk\/blog\/#breadcrumb","itemListElement":[{"@type":"ListItem","position":1,"name":"Dom\u016f","item":"https:\/\/bilis.sk\/"},{"@type":"ListItem","position":2,"name":"Blog"}]},{"@type":"WebSite","@id":"https:\/\/bilis.sk\/#website","url":"https:\/\/bilis.sk\/","name":"BILIS","description":"slovensko-anglick\u00fd program vzdel\u00e1vania od 1. triedy Z\u0160","publisher":{"@id":"https:\/\/bilis.sk\/#organization"},"potentialAction":[{"@type":"SearchAction","target":{"@type":"EntryPoint","urlTemplate":"https:\/\/bilis.sk\/?s={search_term_string}"},"query-input":"required name=search_term_string"}],"inLanguage":"en-GB"},{"@type":"Organization","@id":"https:\/\/bilis.sk\/#organization","name":"BILIS","url":"https:\/\/bilis.sk\/","logo":{"@type":"ImageObject","inLanguage":"en-GB","@id":"https:\/\/bilis.sk\/#\/schema\/logo\/image\/","url":"https:\/\/bilis.sk\/wp-content\/uploads\/2023\/05\/BILISZAJO-M-vpravo.png","contentUrl":"https:\/\/bilis.sk\/wp-content\/uploads\/2023\/05\/BILISZAJO-M-vpravo.png","width":256,"height":143,"caption":"BILIS"},"image":{"@id":"https:\/\/bilis.sk\/#\/schema\/logo\/image\/"}}]}},"_links":{"self":[{"href":"https:\/\/bilis.sk\/en\/wp-json\/wp\/v2\/pages\/5130","targetHints":{"allow":["GET"]}}],"collection":[{"href":"https:\/\/bilis.sk\/en\/wp-json\/wp\/v2\/pages"}],"about":[{"href":"https:\/\/bilis.sk\/en\/wp-json\/wp\/v2\/types\/page"}],"author":[{"embeddable":true,"href":"https:\/\/bilis.sk\/en\/wp-json\/wp\/v2\/users\/1"}],"replies":[{"embeddable":true,"href":"https:\/\/bilis.sk\/en\/wp-json\/wp\/v2\/comments?post=5130"}],"version-history":[{"count":161,"href":"https:\/\/bilis.sk\/en\/wp-json\/wp\/v2\/pages\/5130\/revisions"}],"predecessor-version":[{"id":14422,"href":"https:\/\/bilis.sk\/en\/wp-json\/wp\/v2\/pages\/5130\/revisions\/14422"}],"wp:attachment":[{"href":"https:\/\/bilis.sk\/en\/wp-json\/wp\/v2\/media?parent=5130"}],"curies":[{"name":"wp","href":"https:\/\/api.w.org\/{rel}","templated":true}]}}