{"id":6853,"date":"2021-11-03T21:34:21","date_gmt":"2021-11-03T21:34:21","guid":{"rendered":"https:\/\/bilis.sk\/?page_id=6853"},"modified":"2023-06-03T09:54:58","modified_gmt":"2023-06-03T09:54:58","slug":"newsletter","status":"publish","type":"page","link":"https:\/\/bilis.sk\/en\/newsletter\/","title":{"rendered":"Newsletter"},"content":{"rendered":"\t\t<div data-elementor-type=\"wp-page\" data-elementor-id=\"6853\" class=\"elementor elementor-6853\">\n\t\t\t\t\t\t<section class=\"elementor-section elementor-top-section elementor-element elementor-element-3d53949d elementor-section-boxed elementor-section-height-default elementor-section-height-default\" data-id=\"3d53949d\" data-element_type=\"section\" data-settings=\"{&quot;background_background&quot;:&quot;classic&quot;}\">\n\t\t\t\t\t\t<div class=\"elementor-container elementor-column-gap-default\">\n\t\t\t\t\t<div class=\"elementor-column elementor-col-100 elementor-top-column elementor-element elementor-element-22c2396a animated-slow elementor-invisible\" data-id=\"22c2396a\" data-element_type=\"column\" data-settings=\"{&quot;animation&quot;:&quot;fadeIn&quot;}\">\n\t\t\t<div class=\"elementor-widget-wrap elementor-element-populated\">\n\t\t\t\t\t\t<section class=\"elementor-section elementor-inner-section elementor-element elementor-element-4a40cc67 elementor-section-boxed elementor-section-height-default elementor-section-height-default\" data-id=\"4a40cc67\" data-element_type=\"section\">\n\t\t\t\t\t\t<div class=\"elementor-container elementor-column-gap-default\">\n\t\t\t\t\t<div class=\"elementor-column elementor-col-50 elementor-inner-column elementor-element elementor-element-4b8bbdfd\" data-id=\"4b8bbdfd\" data-element_type=\"column\">\n\t\t\t<div class=\"elementor-widget-wrap elementor-element-populated\">\n\t\t\t\t\t\t<div class=\"elementor-element elementor-element-5b52997d edubin-title-align-left elementor-widget elementor-widget-section-title-addons\" data-id=\"5b52997d\" data-element_type=\"widget\" id=\"pismo\" data-widget_type=\"section-title-addons.default\">\n\t\t\t\t<div class=\"elementor-widget-container\">\n\t\t\t\t\t            <div class=\"edubin-section-title edubin-subtitle-position- title-style-four\">\n                <h2 class=\"section-title-txt\">Newsletter BILIS<\/h2><div class=edubin-title-sperator-sec><span class=\"edubin-title-sperator\">&nbsp;<\/span><\/div>            <\/div>\n\n        \t\t\t\t<\/div>\n\t\t\t\t<\/div>\n\t\t\t\t<div class=\"elementor-element elementor-element-3d2372e elementor-widget elementor-widget-text-editor\" data-id=\"3d2372e\" data-element_type=\"widget\" data-widget_type=\"text-editor.default\">\n\t\t\t\t<div class=\"elementor-widget-container\">\n\t\t\t\t\t\t\t\t\t\u010cerstv\u00e1 d\u00e1vka noviniek o programe BILIS pristane pravidelne vo va\u0161ej e-mailovej schr\u00e1nke.\u00a0\t\t\t\t\t\t\t\t<\/div>\n\t\t\t\t<\/div>\n\t\t\t\t<div class=\"elementor-element elementor-element-a551cac elementor-widget elementor-widget-image\" data-id=\"a551cac\" data-element_type=\"widget\" data-widget_type=\"image.default\">\n\t\t\t\t<div class=\"elementor-widget-container\">\n\t\t\t\t\t\t\t\t\t\t\t\t\t\t\t<img decoding=\"async\" src=\"https:\/\/bilis.sk\/wp-content\/uploads\/2021\/12\/zajo.png\" title=\"\" alt=\"\" loading=\"lazy\" \/>\t\t\t\t\t\t\t\t\t\t\t\t\t\t\t<\/div>\n\t\t\t\t<\/div>\n\t\t\t\t\t<\/div>\n\t\t<\/div>\n\t\t\t\t<div class=\"elementor-column elementor-col-50 elementor-inner-column elementor-element elementor-element-3f6ddb1d\" data-id=\"3f6ddb1d\" data-element_type=\"column\">\n\t\t\t<div class=\"elementor-widget-wrap elementor-element-populated\">\n\t\t\t\t\t\t<div class=\"elementor-element elementor-element-e699820 elementor-widget elementor-widget-text-editor\" data-id=\"e699820\" data-element_type=\"widget\" data-widget_type=\"text-editor.default\">\n\t\t\t\t<div class=\"elementor-widget-container\">\n\t\t\t\t\t\t\t\t\t<p><!-- Begin Mailchimp Signup Form --><\/p><p><style type=\"text\/css\">\n\t#mc_embed_signup{background:#fff; clear:left; font:14px Helvetica,Arial,sans-serif; }<br \/>\t\/* Add your own Mailchimp form style overrides in your site stylesheet or in this style block.<br \/>\t   We recommend moving this block and the preceding CSS link to the HEAD of your HTML file. *\/<br \/><\/style> <style type=\"text\/css\">\n\t#mc-embedded-subscribe-form input[type=checkbox]{display: inline; width: auto;margin-right: 10px;}<br \/>\t#mergeRow-gdpr {margin-top: 20px;}<br \/>\t#mergeRow-gdpr fieldset label {font-weight: normal;}<br \/>\t#mc-embedded-subscribe-form .mc_fieldset{border:none;min-height: 0px;padding-bottom:0px;}<br \/><\/style><\/p><div id=\"mc_embed_signup\"><form id=\"mc-embedded-subscribe-form\" class=\"validate\" action=\"https:\/\/bilis.us5.list-manage.com\/subscribe\/post?u=a703c1435275e0ff5972423db&amp;id=b2a6babee0\" method=\"post\" name=\"mc-embedded-subscribe-form\" novalidate=\"\" target=\"_blank\"><div id=\"mc_embed_signup_scroll\"><h2>Formul\u00e1r<\/h2><div class=\"mc-field-group\"><label for=\"mce-EMAIL\">Email <span class=\"asterisk\">*<\/span><br \/><\/label><br \/><input id=\"mce-EMAIL\" class=\"required email\" name=\"EMAIL\" type=\"email\" value=\"\" \/><\/div><div class=\"mc-field-group\"><label for=\"mce-FNAME\">Meno a priezvisko <span class=\"asterisk\">*<\/span><br \/><\/label><br \/><input id=\"mce-FNAME\" class=\"required\" name=\"FNAME\" type=\"text\" value=\"\" \/><\/div><div class=\"mc-field-group\"><label for=\"mce-group[33113]\">Newsletter odber v sloven\u010dine alebo v angli\u010dtine <\/label><br \/><select id=\"mce-group[33113]\" class=\"REQ_CSS\" name=\"group[33113]\"><option value=\"\"><\/option><option value=\"1\">Sloven\u010dina<\/option><option value=\"2\">Angli\u010dtina<\/option><\/select><\/div><div class=\"mc-field-group\"><label for=\"mce-group[33293]\">Z ak\u00e9ho mesta poch\u00e1dzate <\/label><br \/><select id=\"mce-group[33293]\" class=\"REQ_CSS\" name=\"group[33293]\"><option value=\"\"><\/option><option value=\"4\">Bratislava<\/option><option value=\"8\">Trnava<\/option><option value=\"16\">Nitra<\/option><option value=\"32\">Bansk\u00e1 Bystrica<\/option><option value=\"64\">\u017dilina<\/option><option value=\"128\">Ko\u0161ice<\/option><option value=\"256\">Pre\u0161ov<\/option><option value=\"512\">In\u00e9<\/option><\/select><\/div><div id=\"mergeRow-gdpr\" class=\"mergeRow gdpr-mergeRow content__gdprBlock mc-field-group\"><div class=\"content__gdpr\"><p><label>GDPR<\/label>Souhlas\u00edm s podm\u00ednkami GDPR podrobn\u011b ji se m\u016f\u017eete p\u0159e\u010d\u00edst <a href=\"https:\/\/bilis.sk\/gdpr\">zde<\/a>:<\/p><fieldset class=\"mc_fieldset gdprRequired mc-field-group\" name=\"interestgroup_field\"><label class=\"checkbox subfield\" for=\"gdpr_355957\"><input id=\"gdpr_355957\" class=\"av-checkbox gdpr\" name=\"gdpr[355957]\" type=\"checkbox\" value=\"Y\" \/>S\u00fahlas\u00edm <span class=\"asterisk\">*<\/span><\/label><\/fieldset><\/div><div class=\"content__gdprLegal\"><i>*povinn\u00e9 pole<\/i><\/div><\/div><div id=\"mce-responses\" class=\"clear foot\"><div id=\"mce-error-response\" class=\"response\" style=\"display: none;\">\u00a0<\/div><div id=\"mce-success-response\" class=\"response\" style=\"display: none;\">\u00a0<\/div><\/div><p><!-- real people should not fill this in and expect good things - do not remove this or risk form bot signups--><\/p><div style=\"position: absolute; left: -5000px;\" aria-hidden=\"true\"><input tabindex=\"-1\" name=\"b_a703c1435275e0ff5972423db_b2a6babee0\" type=\"text\" value=\"\" \/><\/div><div class=\"optionalParent\"><div class=\"clear foot\"><p><input id=\"mc-embedded-subscribe\" class=\"button\" name=\"subscribe\" type=\"submit\" value=\"Odosla\u0165\" \/><\/p><p class=\"brandingLogo\"><a title=\"Mailchimp - email marketing made easy and fun\" href=\"http:\/\/eepurl.com\/hP9piP\"><img decoding=\"async\" src=\"https:\/\/eep.io\/mc-cdn-images\/template_images\/branding_logo_text_dark_dtp.svg\" \/><\/a><\/p><\/div><\/div><\/div><\/form><\/div><p><script type=\"text\/javascript\" src=\"\/\/s3.amazonaws.com\/downloads.mailchimp.com\/js\/mc-validate.js\"><\/script><script type=\"text\/javascript\">(function($) {window.fnames = new Array(); window.ftypes = new Array();fnames[0]='EMAIL';ftypes[0]='email';fnames[1]='FNAME';ftypes[1]='text';fnames[2]='LNAME';ftypes[2]='text';fnames[3]='ADDRESS';ftypes[3]='address';fnames[4]='PHONE';ftypes[4]='phone';fnames[5]='BIRTHDAY';ftypes[5]='birthday'; \/*\n * Translated default messages for the $ validation plugin.\n * Locale: SK\n *\/\n$.extend($.validator.messages, {\n\trequired: \"Povinn\u00e9 zada\u0165.\",\n\tmaxlength: $.validator.format(\"Maxim\u00e1lne {0} znakov.\"),\n\tminlength: $.validator.format(\"Minim\u00e1lne {0} znakov.\"),\n\trangelength: $.validator.format(\"Minim\u00e1lne {0} a Maxim\u00e1lne {0} znakov.\"),\n\temail: \"E-mailov\u00e1 adresa mus\u00ed by\u0165 platn\u00e1.\",\n\turl: \"URL mus\u00ed by\u0165 platn\u00fd.\",\n\tdate: \"Mus\u00ed by\u0165 d\u00e1tum.\",\n\tnumber: \"Mus\u00ed by\u0165 \u010d\u00edslo.\",\n\tdigits: \"M\u00f4\u017ee obsahova\u0165 iba \u010d\u00edslice.\",\n\tequalTo: \"Dva hodnoty sa musia rovna\u0165.\",\n\trange: $.validator.format(\"Mus\u00ed by\u0165 medzi {0} a {1}.\"),\n\tmax: $.validator.format(\"Nem\u00f4\u017ee by\u0165 viac ako{0}.\"),\n\tmin: $.validator.format(\"Nem\u00f4\u017ee by\u0165 menej ako{0}.\"),\n\tcreditcard: \"\u010c\u00edslo platobnej karty mus\u00ed by\u0165 platn\u00e9.\"\n});}(jQuery));var $mcj = jQuery.noConflict(true);<\/script><br \/><!--End mc_embed_signup--><\/p>\t\t\t\t\t\t\t\t<\/div>\n\t\t\t\t<\/div>\n\t\t\t\t\t<\/div>\n\t\t<\/div>\n\t\t\t\t\t<\/div>\n\t\t<\/section>\n\t\t\t\t\t<\/div>\n\t\t<\/div>\n\t\t\t\t\t<\/div>\n\t\t<\/section>\n\t\t\t\t<\/div>\n\t\t","protected":false},"excerpt":{"rendered":"<p>Newsletter BILIS &nbsp; \u010cerstv\u00e1 d\u00e1vka noviniek o programe BILIS pristane pravidelne vo va\u0161ej e-mailovej schr\u00e1nke.\u00a0 Formul\u00e1r Email *Meno a priezvisko *Newsletter odber v sloven\u010dine alebo v angli\u010dtine Sloven\u010dinaAngli\u010dtinaZ ak\u00e9ho mesta poch\u00e1dzate BratislavaTrnavaNitraBansk\u00e1 Bystrica\u017dilinaKo\u0161icePre\u0161ovIn\u00e9 GDPRSouhlas\u00edm s podm\u00ednkami GDPR podrobn\u011b ji se m\u016f\u017eete p\u0159e\u010d\u00edst zde: S\u00fahlas\u00edm * [&hellip;]<\/p>\n","protected":false},"author":1,"featured_media":0,"parent":0,"menu_order":0,"comment_status":"closed","ping_status":"closed","template":"","meta":{"footnotes":""},"class_list":["post-6853","page","type-page","status-publish","hentry"],"yoast_head":"<!-- This site is optimized with the Yoast SEO plugin v23.3 - https:\/\/yoast.com\/wordpress\/plugins\/seo\/ -->\n<title>Newsletter - BILIS<\/title>\n<meta name=\"robots\" content=\"index, follow, max-snippet:-1, max-image-preview:large, max-video-preview:-1\" \/>\n<link rel=\"canonical\" href=\"https:\/\/bilis.sk\/en\/newsletter\/\" \/>\n<meta property=\"og:locale\" content=\"en_GB\" \/>\n<meta property=\"og:type\" content=\"article\" \/>\n<meta property=\"og:title\" content=\"Newsletter - BILIS\" \/>\n<meta property=\"og:description\" content=\"Newsletter BILIS &nbsp; \u010cerstv\u00e1 d\u00e1vka noviniek o programe BILIS pristane pravidelne vo va\u0161ej e-mailovej schr\u00e1nke.\u00a0 Formul\u00e1r Email *Meno a priezvisko *Newsletter odber v sloven\u010dine alebo v angli\u010dtine Sloven\u010dinaAngli\u010dtinaZ ak\u00e9ho mesta poch\u00e1dzate BratislavaTrnavaNitraBansk\u00e1 Bystrica\u017dilinaKo\u0161icePre\u0161ovIn\u00e9 GDPRSouhlas\u00edm s podm\u00ednkami GDPR podrobn\u011b ji se m\u016f\u017eete p\u0159e\u010d\u00edst zde: S\u00fahlas\u00edm * [&hellip;]\" \/>\n<meta property=\"og:url\" content=\"https:\/\/bilis.sk\/en\/newsletter\/\" \/>\n<meta property=\"og:site_name\" content=\"BILIS\" \/>\n<meta property=\"article:modified_time\" content=\"2023-06-03T09:54:58+00:00\" \/>\n<meta property=\"og:image\" content=\"https:\/\/bilis.sk\/wp-content\/uploads\/elementor\/thumbs\/zajo-phprdwu6r981vojj4wmg25jn2psli5ud3kx5wn5ok2.png\" \/>\n<meta name=\"twitter:card\" content=\"summary_large_image\" \/>\n<meta name=\"twitter:label1\" content=\"Estimated reading time\" \/>\n\t<meta name=\"twitter:data1\" content=\"2 minutes\" \/>\n<script type=\"application\/ld+json\" class=\"yoast-schema-graph\">{\"@context\":\"https:\/\/schema.org\",\"@graph\":[{\"@type\":\"WebPage\",\"@id\":\"https:\/\/bilis.sk\/newsletter\/\",\"url\":\"https:\/\/bilis.sk\/newsletter\/\",\"name\":\"Newsletter - BILIS\",\"isPartOf\":{\"@id\":\"https:\/\/bilis.sk\/#website\"},\"primaryImageOfPage\":{\"@id\":\"https:\/\/bilis.sk\/newsletter\/#primaryimage\"},\"image\":{\"@id\":\"https:\/\/bilis.sk\/newsletter\/#primaryimage\"},\"thumbnailUrl\":\"https:\/\/bilis.sk\/wp-content\/uploads\/elementor\/thumbs\/zajo-phprdwu6r981vojj4wmg25jn2psli5ud3kx5wn5ok2.png\",\"datePublished\":\"2021-11-03T21:34:21+00:00\",\"dateModified\":\"2023-06-03T09:54:58+00:00\",\"breadcrumb\":{\"@id\":\"https:\/\/bilis.sk\/newsletter\/#breadcrumb\"},\"inLanguage\":\"en-GB\",\"potentialAction\":[{\"@type\":\"ReadAction\",\"target\":[\"https:\/\/bilis.sk\/newsletter\/\"]}]},{\"@type\":\"ImageObject\",\"inLanguage\":\"en-GB\",\"@id\":\"https:\/\/bilis.sk\/newsletter\/#primaryimage\",\"url\":\"https:\/\/bilis.sk\/wp-content\/uploads\/elementor\/thumbs\/zajo-phprdwu6r981vojj4wmg25jn2psli5ud3kx5wn5ok2.png\",\"contentUrl\":\"https:\/\/bilis.sk\/wp-content\/uploads\/elementor\/thumbs\/zajo-phprdwu6r981vojj4wmg25jn2psli5ud3kx5wn5ok2.png\"},{\"@type\":\"BreadcrumbList\",\"@id\":\"https:\/\/bilis.sk\/newsletter\/#breadcrumb\",\"itemListElement\":[{\"@type\":\"ListItem\",\"position\":1,\"name\":\"Dom\u016f\",\"item\":\"https:\/\/bilis.sk\/\"},{\"@type\":\"ListItem\",\"position\":2,\"name\":\"Newsletter\"}]},{\"@type\":\"WebSite\",\"@id\":\"https:\/\/bilis.sk\/#website\",\"url\":\"https:\/\/bilis.sk\/\",\"name\":\"BILIS\",\"description\":\"slovensko-anglick\u00fd program vzdel\u00e1vania od 1. triedy Z\u0160\",\"publisher\":{\"@id\":\"https:\/\/bilis.sk\/#organization\"},\"potentialAction\":[{\"@type\":\"SearchAction\",\"target\":{\"@type\":\"EntryPoint\",\"urlTemplate\":\"https:\/\/bilis.sk\/?s={search_term_string}\"},\"query-input\":\"required name=search_term_string\"}],\"inLanguage\":\"en-GB\"},{\"@type\":\"Organization\",\"@id\":\"https:\/\/bilis.sk\/#organization\",\"name\":\"BILIS\",\"url\":\"https:\/\/bilis.sk\/\",\"logo\":{\"@type\":\"ImageObject\",\"inLanguage\":\"en-GB\",\"@id\":\"https:\/\/bilis.sk\/#\/schema\/logo\/image\/\",\"url\":\"https:\/\/bilis.sk\/wp-content\/uploads\/2023\/05\/BILISZAJO-M-vpravo.png\",\"contentUrl\":\"https:\/\/bilis.sk\/wp-content\/uploads\/2023\/05\/BILISZAJO-M-vpravo.png\",\"width\":256,\"height\":143,\"caption\":\"BILIS\"},\"image\":{\"@id\":\"https:\/\/bilis.sk\/#\/schema\/logo\/image\/\"}}]}<\/script>\n<!-- \/ Yoast SEO plugin. -->","yoast_head_json":{"title":"Newsletter - BILIS","robots":{"index":"index","follow":"follow","max-snippet":"max-snippet:-1","max-image-preview":"max-image-preview:large","max-video-preview":"max-video-preview:-1"},"canonical":"https:\/\/bilis.sk\/en\/newsletter\/","og_locale":"en_GB","og_type":"article","og_title":"Newsletter - BILIS","og_description":"Newsletter BILIS &nbsp; \u010cerstv\u00e1 d\u00e1vka noviniek o programe BILIS pristane pravidelne vo va\u0161ej e-mailovej schr\u00e1nke.\u00a0 Formul\u00e1r Email *Meno a priezvisko *Newsletter odber v sloven\u010dine alebo v angli\u010dtine Sloven\u010dinaAngli\u010dtinaZ ak\u00e9ho mesta poch\u00e1dzate BratislavaTrnavaNitraBansk\u00e1 Bystrica\u017dilinaKo\u0161icePre\u0161ovIn\u00e9 GDPRSouhlas\u00edm s podm\u00ednkami GDPR podrobn\u011b ji se m\u016f\u017eete p\u0159e\u010d\u00edst zde: S\u00fahlas\u00edm * [&hellip;]","og_url":"https:\/\/bilis.sk\/en\/newsletter\/","og_site_name":"BILIS","article_modified_time":"2023-06-03T09:54:58+00:00","og_image":[{"url":"https:\/\/bilis.sk\/wp-content\/uploads\/elementor\/thumbs\/zajo-phprdwu6r981vojj4wmg25jn2psli5ud3kx5wn5ok2.png"}],"twitter_card":"summary_large_image","twitter_misc":{"Estimated reading time":"2 minutes"},"schema":{"@context":"https:\/\/schema.org","@graph":[{"@type":"WebPage","@id":"https:\/\/bilis.sk\/newsletter\/","url":"https:\/\/bilis.sk\/newsletter\/","name":"Newsletter - BILIS","isPartOf":{"@id":"https:\/\/bilis.sk\/#website"},"primaryImageOfPage":{"@id":"https:\/\/bilis.sk\/newsletter\/#primaryimage"},"image":{"@id":"https:\/\/bilis.sk\/newsletter\/#primaryimage"},"thumbnailUrl":"https:\/\/bilis.sk\/wp-content\/uploads\/elementor\/thumbs\/zajo-phprdwu6r981vojj4wmg25jn2psli5ud3kx5wn5ok2.png","datePublished":"2021-11-03T21:34:21+00:00","dateModified":"2023-06-03T09:54:58+00:00","breadcrumb":{"@id":"https:\/\/bilis.sk\/newsletter\/#breadcrumb"},"inLanguage":"en-GB","potentialAction":[{"@type":"ReadAction","target":["https:\/\/bilis.sk\/newsletter\/"]}]},{"@type":"ImageObject","inLanguage":"en-GB","@id":"https:\/\/bilis.sk\/newsletter\/#primaryimage","url":"https:\/\/bilis.sk\/wp-content\/uploads\/elementor\/thumbs\/zajo-phprdwu6r981vojj4wmg25jn2psli5ud3kx5wn5ok2.png","contentUrl":"https:\/\/bilis.sk\/wp-content\/uploads\/elementor\/thumbs\/zajo-phprdwu6r981vojj4wmg25jn2psli5ud3kx5wn5ok2.png"},{"@type":"BreadcrumbList","@id":"https:\/\/bilis.sk\/newsletter\/#breadcrumb","itemListElement":[{"@type":"ListItem","position":1,"name":"Dom\u016f","item":"https:\/\/bilis.sk\/"},{"@type":"ListItem","position":2,"name":"Newsletter"}]},{"@type":"WebSite","@id":"https:\/\/bilis.sk\/#website","url":"https:\/\/bilis.sk\/","name":"BILIS","description":"slovensko-anglick\u00fd program vzdel\u00e1vania od 1. triedy Z\u0160","publisher":{"@id":"https:\/\/bilis.sk\/#organization"},"potentialAction":[{"@type":"SearchAction","target":{"@type":"EntryPoint","urlTemplate":"https:\/\/bilis.sk\/?s={search_term_string}"},"query-input":"required name=search_term_string"}],"inLanguage":"en-GB"},{"@type":"Organization","@id":"https:\/\/bilis.sk\/#organization","name":"BILIS","url":"https:\/\/bilis.sk\/","logo":{"@type":"ImageObject","inLanguage":"en-GB","@id":"https:\/\/bilis.sk\/#\/schema\/logo\/image\/","url":"https:\/\/bilis.sk\/wp-content\/uploads\/2023\/05\/BILISZAJO-M-vpravo.png","contentUrl":"https:\/\/bilis.sk\/wp-content\/uploads\/2023\/05\/BILISZAJO-M-vpravo.png","width":256,"height":143,"caption":"BILIS"},"image":{"@id":"https:\/\/bilis.sk\/#\/schema\/logo\/image\/"}}]}},"_links":{"self":[{"href":"https:\/\/bilis.sk\/en\/wp-json\/wp\/v2\/pages\/6853","targetHints":{"allow":["GET"]}}],"collection":[{"href":"https:\/\/bilis.sk\/en\/wp-json\/wp\/v2\/pages"}],"about":[{"href":"https:\/\/bilis.sk\/en\/wp-json\/wp\/v2\/types\/page"}],"author":[{"embeddable":true,"href":"https:\/\/bilis.sk\/en\/wp-json\/wp\/v2\/users\/1"}],"replies":[{"embeddable":true,"href":"https:\/\/bilis.sk\/en\/wp-json\/wp\/v2\/comments?post=6853"}],"version-history":[{"count":204,"href":"https:\/\/bilis.sk\/en\/wp-json\/wp\/v2\/pages\/6853\/revisions"}],"predecessor-version":[{"id":10969,"href":"https:\/\/bilis.sk\/en\/wp-json\/wp\/v2\/pages\/6853\/revisions\/10969"}],"wp:attachment":[{"href":"https:\/\/bilis.sk\/en\/wp-json\/wp\/v2\/media?parent=6853"}],"curies":[{"name":"wp","href":"https:\/\/api.w.org\/{rel}","templated":true}]}}