{"id":7614,"date":"2021-11-26T23:18:37","date_gmt":"2021-11-26T23:18:37","guid":{"rendered":"https:\/\/bilis.sk\/?page_id=7614"},"modified":"2023-11-17T15:10:29","modified_gmt":"2023-11-17T15:10:29","slug":"webinar-23-11-2023","status":"publish","type":"page","link":"https:\/\/bilis.sk\/en\/webinar-23-11-2023\/","title":{"rendered":"webinar 23.11.2023 vyhodit"},"content":{"rendered":"\t\t<div data-elementor-type=\"wp-page\" data-elementor-id=\"7614\" class=\"elementor elementor-7614\">\n\t\t\t\t\t\t<section class=\"elementor-section elementor-top-section elementor-element elementor-element-45d9b2ac elementor-section-boxed elementor-section-height-default elementor-section-height-default\" data-id=\"45d9b2ac\" data-element_type=\"section\" data-settings=\"{&quot;background_background&quot;:&quot;classic&quot;}\">\n\t\t\t\t\t\t<div class=\"elementor-container elementor-column-gap-default\">\n\t\t\t\t\t<div class=\"elementor-column elementor-col-100 elementor-top-column elementor-element elementor-element-5b64993f animated-slow elementor-invisible\" data-id=\"5b64993f\" data-element_type=\"column\" data-settings=\"{&quot;animation&quot;:&quot;fadeIn&quot;}\">\n\t\t\t<div class=\"elementor-widget-wrap elementor-element-populated\">\n\t\t\t\t\t\t<section class=\"elementor-section elementor-inner-section elementor-element elementor-element-28e47d16 elementor-section-boxed elementor-section-height-default elementor-section-height-default\" data-id=\"28e47d16\" data-element_type=\"section\">\n\t\t\t\t\t\t<div class=\"elementor-container elementor-column-gap-default\">\n\t\t\t\t\t<div class=\"elementor-column elementor-col-50 elementor-inner-column elementor-element elementor-element-37cf60e7\" data-id=\"37cf60e7\" data-element_type=\"column\">\n\t\t\t<div class=\"elementor-widget-wrap elementor-element-populated\">\n\t\t\t\t\t\t<div class=\"elementor-element elementor-element-50a27b3b edubin-title-align-left elementor-widget elementor-widget-section-title-addons\" data-id=\"50a27b3b\" data-element_type=\"widget\" id=\"pismo\" data-widget_type=\"section-title-addons.default\">\n\t\t\t\t<div class=\"elementor-widget-container\">\n\t\t\t\t\t            <div class=\"edubin-section-title edubin-subtitle-position-top title-style-four\">\n                <h2 class=\"section-title-txt\">23.11.2023<br> o 16h00 online<\/h2><div class=edubin-title-sperator-sec><span class=\"edubin-title-sperator\">&nbsp;<\/span><\/div><p class=\"section-subtitle-txt\">Info k projektu BILIS<\/p>            <\/div>\n\n        \t\t\t\t<\/div>\n\t\t\t\t<\/div>\n\t\t\t\t<div class=\"elementor-element elementor-element-eeb5401 elementor-widget elementor-widget-text-editor\" data-id=\"eeb5401\" data-element_type=\"widget\" data-widget_type=\"text-editor.default\">\n\t\t\t\t<div class=\"elementor-widget-container\">\n\t\t\t\t\t\t\t\t\t<p>Raz t\u00fd\u017edenne pripravujeme polhodinov\u00fd webin\u00e1r so v\u0161etk\u00fdmi inform\u00e1ciami o programe BILIS.<\/p><p>Predstavenie programu BILIS prebieha v slovenskom jazyku z\u00e1stupcami BILI school a pedag\u00f3gmi. V pr\u00edpade z\u00e1ujmu v anglickom jazyku n\u00e1m nap\u00ed\u0161te do pozn\u00e1mky.<\/p>\t\t\t\t\t\t\t\t<\/div>\n\t\t\t\t<\/div>\n\t\t\t\t\t<\/div>\n\t\t<\/div>\n\t\t\t\t<div class=\"elementor-column elementor-col-50 elementor-inner-column elementor-element elementor-element-7d1bb4d4\" data-id=\"7d1bb4d4\" data-element_type=\"column\">\n\t\t\t<div class=\"elementor-widget-wrap elementor-element-populated\">\n\t\t\t\t\t\t<div class=\"elementor-element elementor-element-78a4078 elementor-widget elementor-widget-text-editor\" data-id=\"78a4078\" data-element_type=\"widget\" data-widget_type=\"text-editor.default\">\n\t\t\t\t<div class=\"elementor-widget-container\">\n\t\t\t\t\t\t\t\t\t<p>[contact-form-7 id=&#8220;7602&#8243; title=&#8220;Webin\u00e1\u0159 25.12.2021&#8243;]<\/p>\t\t\t\t\t\t\t\t<\/div>\n\t\t\t\t<\/div>\n\t\t\t\t\t<\/div>\n\t\t<\/div>\n\t\t\t\t\t<\/div>\n\t\t<\/section>\n\t\t\t\t\t<\/div>\n\t\t<\/div>\n\t\t\t\t\t<\/div>\n\t\t<\/section>\n\t\t\t\t<\/div>\n\t\t","protected":false},"excerpt":{"rendered":"<p>23.11.2023 o 16h00 online &nbsp; Info k projektu BILIS Raz t\u00fd\u017edenne pripravujeme polhodinov\u00fd webin\u00e1r so v\u0161etk\u00fdmi inform\u00e1ciami o programe BILIS. Predstavenie programu BILIS prebieha v slovenskom jazyku z\u00e1stupcami BILI school a pedag\u00f3gmi. V pr\u00edpade z\u00e1ujmu v anglickom jazyku n\u00e1m nap\u00ed\u0161te do pozn\u00e1mky. [contact-form-7 id=&#8220;7602&#8243; title=&#8220;Webin\u00e1\u0159 [&hellip;]<\/p>\n","protected":false},"author":1,"featured_media":0,"parent":0,"menu_order":0,"comment_status":"closed","ping_status":"closed","template":"","meta":{"footnotes":""},"class_list":["post-7614","page","type-page","status-publish","hentry"],"yoast_head":"<!-- This site is optimized with the Yoast SEO plugin v23.3 - https:\/\/yoast.com\/wordpress\/plugins\/seo\/ -->\n<title>webinar 23.11.2023 vyhodit - BILIS<\/title>\n<meta name=\"robots\" content=\"index, follow, max-snippet:-1, max-image-preview:large, max-video-preview:-1\" \/>\n<link rel=\"canonical\" href=\"https:\/\/bilis.sk\/en\/webinar-23-11-2023\/\" \/>\n<meta property=\"og:locale\" content=\"en_GB\" \/>\n<meta property=\"og:type\" content=\"article\" \/>\n<meta property=\"og:title\" content=\"webinar 23.11.2023 vyhodit - BILIS\" \/>\n<meta property=\"og:description\" content=\"23.11.2023 o 16h00 online &nbsp; Info k projektu BILIS Raz t\u00fd\u017edenne pripravujeme polhodinov\u00fd webin\u00e1r so v\u0161etk\u00fdmi inform\u00e1ciami o programe BILIS. Predstavenie programu BILIS prebieha v slovenskom jazyku z\u00e1stupcami BILI school a pedag\u00f3gmi. V pr\u00edpade z\u00e1ujmu v anglickom jazyku n\u00e1m nap\u00ed\u0161te do pozn\u00e1mky. [contact-form-7 id=&#8220;7602&#8243; title=&#8220;Webin\u00e1\u0159 [&hellip;]\" \/>\n<meta property=\"og:url\" content=\"https:\/\/bilis.sk\/en\/webinar-23-11-2023\/\" \/>\n<meta property=\"og:site_name\" content=\"BILIS\" \/>\n<meta property=\"article:modified_time\" content=\"2023-11-17T15:10:29+00:00\" \/>\n<meta name=\"twitter:card\" content=\"summary_large_image\" \/>\n<meta name=\"twitter:label1\" content=\"Estimated reading time\" \/>\n\t<meta name=\"twitter:data1\" content=\"1 minute\" \/>\n<script type=\"application\/ld+json\" class=\"yoast-schema-graph\">{\"@context\":\"https:\/\/schema.org\",\"@graph\":[{\"@type\":\"WebPage\",\"@id\":\"https:\/\/bilis.sk\/webinar-23-11-2023\/\",\"url\":\"https:\/\/bilis.sk\/webinar-23-11-2023\/\",\"name\":\"webinar 23.11.2023 vyhodit - BILIS\",\"isPartOf\":{\"@id\":\"https:\/\/bilis.sk\/#website\"},\"datePublished\":\"2021-11-26T23:18:37+00:00\",\"dateModified\":\"2023-11-17T15:10:29+00:00\",\"breadcrumb\":{\"@id\":\"https:\/\/bilis.sk\/webinar-23-11-2023\/#breadcrumb\"},\"inLanguage\":\"en-GB\",\"potentialAction\":[{\"@type\":\"ReadAction\",\"target\":[\"https:\/\/bilis.sk\/webinar-23-11-2023\/\"]}]},{\"@type\":\"BreadcrumbList\",\"@id\":\"https:\/\/bilis.sk\/webinar-23-11-2023\/#breadcrumb\",\"itemListElement\":[{\"@type\":\"ListItem\",\"position\":1,\"name\":\"Dom\u016f\",\"item\":\"https:\/\/bilis.sk\/\"},{\"@type\":\"ListItem\",\"position\":2,\"name\":\"webinar 23.11.2023 vyhodit\"}]},{\"@type\":\"WebSite\",\"@id\":\"https:\/\/bilis.sk\/#website\",\"url\":\"https:\/\/bilis.sk\/\",\"name\":\"BILIS\",\"description\":\"slovensko-anglick\u00fd program vzdel\u00e1vania od 1. triedy Z\u0160\",\"publisher\":{\"@id\":\"https:\/\/bilis.sk\/#organization\"},\"potentialAction\":[{\"@type\":\"SearchAction\",\"target\":{\"@type\":\"EntryPoint\",\"urlTemplate\":\"https:\/\/bilis.sk\/?s={search_term_string}\"},\"query-input\":\"required name=search_term_string\"}],\"inLanguage\":\"en-GB\"},{\"@type\":\"Organization\",\"@id\":\"https:\/\/bilis.sk\/#organization\",\"name\":\"BILIS\",\"url\":\"https:\/\/bilis.sk\/\",\"logo\":{\"@type\":\"ImageObject\",\"inLanguage\":\"en-GB\",\"@id\":\"https:\/\/bilis.sk\/#\/schema\/logo\/image\/\",\"url\":\"https:\/\/bilis.sk\/wp-content\/uploads\/2023\/05\/BILISZAJO-M-vpravo.png\",\"contentUrl\":\"https:\/\/bilis.sk\/wp-content\/uploads\/2023\/05\/BILISZAJO-M-vpravo.png\",\"width\":256,\"height\":143,\"caption\":\"BILIS\"},\"image\":{\"@id\":\"https:\/\/bilis.sk\/#\/schema\/logo\/image\/\"}}]}<\/script>\n<!-- \/ Yoast SEO plugin. -->","yoast_head_json":{"title":"webinar 23.11.2023 vyhodit - BILIS","robots":{"index":"index","follow":"follow","max-snippet":"max-snippet:-1","max-image-preview":"max-image-preview:large","max-video-preview":"max-video-preview:-1"},"canonical":"https:\/\/bilis.sk\/en\/webinar-23-11-2023\/","og_locale":"en_GB","og_type":"article","og_title":"webinar 23.11.2023 vyhodit - BILIS","og_description":"23.11.2023 o 16h00 online &nbsp; Info k projektu BILIS Raz t\u00fd\u017edenne pripravujeme polhodinov\u00fd webin\u00e1r so v\u0161etk\u00fdmi inform\u00e1ciami o programe BILIS. Predstavenie programu BILIS prebieha v slovenskom jazyku z\u00e1stupcami BILI school a pedag\u00f3gmi. V pr\u00edpade z\u00e1ujmu v anglickom jazyku n\u00e1m nap\u00ed\u0161te do pozn\u00e1mky. [contact-form-7 id=&#8220;7602&#8243; title=&#8220;Webin\u00e1\u0159 [&hellip;]","og_url":"https:\/\/bilis.sk\/en\/webinar-23-11-2023\/","og_site_name":"BILIS","article_modified_time":"2023-11-17T15:10:29+00:00","twitter_card":"summary_large_image","twitter_misc":{"Estimated reading time":"1 minute"},"schema":{"@context":"https:\/\/schema.org","@graph":[{"@type":"WebPage","@id":"https:\/\/bilis.sk\/webinar-23-11-2023\/","url":"https:\/\/bilis.sk\/webinar-23-11-2023\/","name":"webinar 23.11.2023 vyhodit - BILIS","isPartOf":{"@id":"https:\/\/bilis.sk\/#website"},"datePublished":"2021-11-26T23:18:37+00:00","dateModified":"2023-11-17T15:10:29+00:00","breadcrumb":{"@id":"https:\/\/bilis.sk\/webinar-23-11-2023\/#breadcrumb"},"inLanguage":"en-GB","potentialAction":[{"@type":"ReadAction","target":["https:\/\/bilis.sk\/webinar-23-11-2023\/"]}]},{"@type":"BreadcrumbList","@id":"https:\/\/bilis.sk\/webinar-23-11-2023\/#breadcrumb","itemListElement":[{"@type":"ListItem","position":1,"name":"Dom\u016f","item":"https:\/\/bilis.sk\/"},{"@type":"ListItem","position":2,"name":"webinar 23.11.2023 vyhodit"}]},{"@type":"WebSite","@id":"https:\/\/bilis.sk\/#website","url":"https:\/\/bilis.sk\/","name":"BILIS","description":"slovensko-anglick\u00fd program vzdel\u00e1vania od 1. triedy Z\u0160","publisher":{"@id":"https:\/\/bilis.sk\/#organization"},"potentialAction":[{"@type":"SearchAction","target":{"@type":"EntryPoint","urlTemplate":"https:\/\/bilis.sk\/?s={search_term_string}"},"query-input":"required name=search_term_string"}],"inLanguage":"en-GB"},{"@type":"Organization","@id":"https:\/\/bilis.sk\/#organization","name":"BILIS","url":"https:\/\/bilis.sk\/","logo":{"@type":"ImageObject","inLanguage":"en-GB","@id":"https:\/\/bilis.sk\/#\/schema\/logo\/image\/","url":"https:\/\/bilis.sk\/wp-content\/uploads\/2023\/05\/BILISZAJO-M-vpravo.png","contentUrl":"https:\/\/bilis.sk\/wp-content\/uploads\/2023\/05\/BILISZAJO-M-vpravo.png","width":256,"height":143,"caption":"BILIS"},"image":{"@id":"https:\/\/bilis.sk\/#\/schema\/logo\/image\/"}}]}},"_links":{"self":[{"href":"https:\/\/bilis.sk\/en\/wp-json\/wp\/v2\/pages\/7614","targetHints":{"allow":["GET"]}}],"collection":[{"href":"https:\/\/bilis.sk\/en\/wp-json\/wp\/v2\/pages"}],"about":[{"href":"https:\/\/bilis.sk\/en\/wp-json\/wp\/v2\/types\/page"}],"author":[{"embeddable":true,"href":"https:\/\/bilis.sk\/en\/wp-json\/wp\/v2\/users\/1"}],"replies":[{"embeddable":true,"href":"https:\/\/bilis.sk\/en\/wp-json\/wp\/v2\/comments?post=7614"}],"version-history":[{"count":52,"href":"https:\/\/bilis.sk\/en\/wp-json\/wp\/v2\/pages\/7614\/revisions"}],"predecessor-version":[{"id":13699,"href":"https:\/\/bilis.sk\/en\/wp-json\/wp\/v2\/pages\/7614\/revisions\/13699"}],"wp:attachment":[{"href":"https:\/\/bilis.sk\/en\/wp-json\/wp\/v2\/media?parent=7614"}],"curies":[{"name":"wp","href":"https:\/\/api.w.org\/{rel}","templated":true}]}}