{"id":7619,"date":"2024-01-06T09:00:26","date_gmt":"2024-01-06T09:00:26","guid":{"rendered":"https:\/\/bilis.sk\/?page_id=7619"},"modified":"2024-04-10T22:24:34","modified_gmt":"2024-04-10T22:24:34","slug":"webinar-9-5-2024","status":"publish","type":"page","link":"https:\/\/bilis.sk\/en\/webinar-9-5-2024\/","title":{"rendered":"webinar 9.5.2024"},"content":{"rendered":"<div data-elementor-type=\"wp-page\" data-elementor-id=\"7619\" class=\"elementor elementor-7619\">\n\t\t\t\t\t\t<section class=\"elementor-section elementor-top-section elementor-element elementor-element-52524769 elementor-section-boxed elementor-section-height-default elementor-section-height-default\" data-id=\"52524769\" data-element_type=\"section\" data-settings=\"{&quot;background_background&quot;:&quot;classic&quot;}\">\n\t\t\t\t\t\t<div class=\"elementor-container elementor-column-gap-default\">\n\t\t\t\t\t<div class=\"elementor-column elementor-col-100 elementor-top-column elementor-element elementor-element-47aa12e4 animated-slow elementor-invisible\" data-id=\"47aa12e4\" data-element_type=\"column\" data-settings=\"{&quot;animation&quot;:&quot;fadeIn&quot;}\">\n\t\t\t<div class=\"elementor-widget-wrap elementor-element-populated\">\n\t\t\t\t\t\t<section class=\"elementor-section elementor-inner-section elementor-element elementor-element-2f8343cd elementor-section-boxed elementor-section-height-default elementor-section-height-default\" data-id=\"2f8343cd\" data-element_type=\"section\">\n\t\t\t\t\t\t<div class=\"elementor-container elementor-column-gap-default\">\n\t\t\t\t\t<div class=\"elementor-column elementor-col-50 elementor-inner-column elementor-element elementor-element-5180b4b4\" data-id=\"5180b4b4\" data-element_type=\"column\">\n\t\t\t<div class=\"elementor-widget-wrap elementor-element-populated\">\n\t\t\t\t\t\t<div class=\"elementor-element elementor-element-7bb935fd edubin-title-align-left elementor-widget elementor-widget-section-title-addons\" data-id=\"7bb935fd\" data-element_type=\"widget\" id=\"pismo\" data-widget_type=\"section-title-addons.default\">\n\t\t\t\t<div class=\"elementor-widget-container\">\n\t\t\t\t\t            <div class=\"edubin-section-title edubin-subtitle-position-top title-style-four\">\n                <h2 class=\"section-title-txt\">9.5.2024 <br> o 16h00 online<\/h2><div class=\"edubin-title-sperator-sec\"><span class=\"edubin-title-sperator\">&nbsp;<\/span><\/div><p class=\"section-subtitle-txt\">Webin\u00e1r<\/p>            <\/div>\n\n        \t\t\t\t<\/div>\n\t\t\t\t<\/div>\n\t\t\t\t<div class=\"elementor-element elementor-element-1205c558 elementor-widget elementor-widget-text-editor\" data-id=\"1205c558\" data-element_type=\"widget\" data-widget_type=\"text-editor.default\">\n\t\t\t\t<div class=\"elementor-widget-container\">\n\t\t\t\t\t\t\t\t\t<p><span style=\"color: #003366;\">Polhodinka s nami o v\u0161etkom \u010do by ste mali vedie\u0165 o programe BILIS a priebehu vzdel\u00e1vania <span style=\"color: #003366; font-family: var(--edubin-body-font-family); font-size: 1rem;\">v dvoch jazykoch s\u00fa\u010dasne. P<\/span>rv\u00e9\u00a0<\/span><span style=\"color: #003366; font-family: var(--edubin-body-font-family); font-size: 1rem;\">pilotn\u00e9 triedy prv\u00e1\u010dikov a druh\u00e1\u010dikov otv\u00e1rame u\u017e v \u0161kolskom roku 2024\/2025. M\u00e1te mo\u017enos\u0165 sa p\u00fdta\u0165 na v\u0161etko \u010do v\u00e1s zauj\u00edma. Te\u0161\u00edme sa na v\u00e1s. Prezent\u00e1cie prebiehaj\u00fa v slovenskom pr\u00edpadne anglickom jazyku so z\u00e1stupcami BILI school.<\/span><\/p>\t\t\t\t\t\t\t\t<\/div>\n\t\t\t\t<\/div>\n\t\t\t\t\t<\/div>\n\t\t<\/div>\n\t\t\t\t<div class=\"elementor-column elementor-col-50 elementor-inner-column elementor-element elementor-element-11db2fdd\" data-id=\"11db2fdd\" data-element_type=\"column\">\n\t\t\t<div class=\"elementor-widget-wrap elementor-element-populated\">\n\t\t\t\t\t\t<div class=\"elementor-element elementor-element-36c0b1ee elementor-widget elementor-widget-text-editor\" data-id=\"36c0b1ee\" data-element_type=\"widget\" data-widget_type=\"text-editor.default\">\n\t\t\t\t<div class=\"elementor-widget-container\">\n\t\t\t\t\t\t\t\t\t<h6>Prihasujem sa na webin\u00e1r:<\/h6>\t\t\t\t\t\t\t\t<\/div>\n\t\t\t\t<\/div>\n\t\t\t\t\t<\/div>\n\t\t<\/div>\n\t\t\t\t\t<\/div>\n\t\t<\/section>\n\t\t\t\t\t<\/div>\n\t\t<\/div>\n\t\t\t\t\t<\/div>\n\t\t<\/section>\n\t\t\t\t<\/div>","protected":false},"excerpt":{"rendered":"<p>9.5.2024 o 16h00 online &nbsp; Webin\u00e1r Polhodinka s nami o v\u0161etkom \u010do by ste mali vedie\u0165 o programe BILIS a priebehu vzdel\u00e1vania v dvoch jazykoch s\u00fa\u010dasne. Prv\u00e9\u00a0pilotn\u00e9 triedy prv\u00e1\u010dikov a druh\u00e1\u010dikov otv\u00e1rame u\u017e v \u0161kolskom roku 2024\/2025. M\u00e1te mo\u017enos\u0165 sa p\u00fdta\u0165 na v\u0161etko \u010do v\u00e1s [&hellip;]<\/p>\n","protected":false},"author":5,"featured_media":13582,"parent":0,"menu_order":2,"comment_status":"closed","ping_status":"closed","template":"","meta":{"footnotes":""},"class_list":["post-7619","page","type-page","status-publish","has-post-thumbnail","hentry"],"yoast_head":"<!-- This site is optimized with the Yoast SEO plugin v23.3 - https:\/\/yoast.com\/wordpress\/plugins\/seo\/ -->\n<title>webinar 9.5.2024 - BILIS<\/title>\n<meta name=\"description\" content=\"22-2-2023 - BILIS webin\u00e1r pre rodi\u010dov\" \/>\n<meta name=\"robots\" content=\"index, follow, max-snippet:-1, max-image-preview:large, max-video-preview:-1\" \/>\n<link rel=\"canonical\" href=\"https:\/\/bilis.sk\/en\/webinar-9-5-2024\/\" \/>\n<meta property=\"og:locale\" content=\"en_GB\" \/>\n<meta property=\"og:type\" content=\"article\" \/>\n<meta property=\"og:title\" content=\"webinar 9.5.2024 - BILIS\" \/>\n<meta property=\"og:description\" content=\"22-2-2023 - BILIS webin\u00e1r pre rodi\u010dov\" \/>\n<meta property=\"og:url\" content=\"https:\/\/bilis.sk\/en\/webinar-9-5-2024\/\" \/>\n<meta property=\"og:site_name\" content=\"BILIS\" \/>\n<meta property=\"article:modified_time\" content=\"2024-04-10T22:24:34+00:00\" \/>\n<meta property=\"og:image\" content=\"https:\/\/bilis.sk\/wp-content\/uploads\/webinar-3-scaled.jpg\" \/>\n\t<meta property=\"og:image:width\" content=\"2560\" \/>\n\t<meta property=\"og:image:height\" content=\"1707\" \/>\n\t<meta property=\"og:image:type\" content=\"image\/jpeg\" \/>\n<meta name=\"twitter:card\" content=\"summary_large_image\" \/>\n<meta name=\"twitter:label1\" content=\"Estimated reading time\" \/>\n\t<meta name=\"twitter:data1\" content=\"1 minute\" \/>\n<script type=\"application\/ld+json\" class=\"yoast-schema-graph\">{\"@context\":\"https:\/\/schema.org\",\"@graph\":[{\"@type\":\"WebPage\",\"@id\":\"https:\/\/bilis.sk\/webinar-9-5-2024\/\",\"url\":\"https:\/\/bilis.sk\/webinar-9-5-2024\/\",\"name\":\"webinar 9.5.2024 - BILIS\",\"isPartOf\":{\"@id\":\"https:\/\/bilis.sk\/#website\"},\"primaryImageOfPage\":{\"@id\":\"https:\/\/bilis.sk\/webinar-9-5-2024\/#primaryimage\"},\"image\":{\"@id\":\"https:\/\/bilis.sk\/webinar-9-5-2024\/#primaryimage\"},\"thumbnailUrl\":\"https:\/\/bilis.sk\/wp-content\/uploads\/webinar-3-scaled.jpg\",\"datePublished\":\"2024-01-06T09:00:26+00:00\",\"dateModified\":\"2024-04-10T22:24:34+00:00\",\"description\":\"22-2-2023 - BILIS webin\u00e1r pre rodi\u010dov\",\"breadcrumb\":{\"@id\":\"https:\/\/bilis.sk\/webinar-9-5-2024\/#breadcrumb\"},\"inLanguage\":\"en-GB\",\"potentialAction\":[{\"@type\":\"ReadAction\",\"target\":[\"https:\/\/bilis.sk\/webinar-9-5-2024\/\"]}]},{\"@type\":\"ImageObject\",\"inLanguage\":\"en-GB\",\"@id\":\"https:\/\/bilis.sk\/webinar-9-5-2024\/#primaryimage\",\"url\":\"https:\/\/bilis.sk\/wp-content\/uploads\/webinar-3-scaled.jpg\",\"contentUrl\":\"https:\/\/bilis.sk\/wp-content\/uploads\/webinar-3-scaled.jpg\",\"width\":2560,\"height\":1707,\"caption\":\"Businesswoman having a video conference with colleagues during coronavirus quarantine\"},{\"@type\":\"BreadcrumbList\",\"@id\":\"https:\/\/bilis.sk\/webinar-9-5-2024\/#breadcrumb\",\"itemListElement\":[{\"@type\":\"ListItem\",\"position\":1,\"name\":\"Dom\u016f\",\"item\":\"https:\/\/bilis.sk\/\"},{\"@type\":\"ListItem\",\"position\":2,\"name\":\"webinar 9.5.2024\"}]},{\"@type\":\"WebSite\",\"@id\":\"https:\/\/bilis.sk\/#website\",\"url\":\"https:\/\/bilis.sk\/\",\"name\":\"BILIS\",\"description\":\"slovensko-anglick\u00fd program vzdel\u00e1vania od 1. triedy Z\u0160\",\"publisher\":{\"@id\":\"https:\/\/bilis.sk\/#organization\"},\"potentialAction\":[{\"@type\":\"SearchAction\",\"target\":{\"@type\":\"EntryPoint\",\"urlTemplate\":\"https:\/\/bilis.sk\/?s={search_term_string}\"},\"query-input\":\"required name=search_term_string\"}],\"inLanguage\":\"en-GB\"},{\"@type\":\"Organization\",\"@id\":\"https:\/\/bilis.sk\/#organization\",\"name\":\"BILIS\",\"url\":\"https:\/\/bilis.sk\/\",\"logo\":{\"@type\":\"ImageObject\",\"inLanguage\":\"en-GB\",\"@id\":\"https:\/\/bilis.sk\/#\/schema\/logo\/image\/\",\"url\":\"https:\/\/bilis.sk\/wp-content\/uploads\/2023\/05\/BILISZAJO-M-vpravo.png\",\"contentUrl\":\"https:\/\/bilis.sk\/wp-content\/uploads\/2023\/05\/BILISZAJO-M-vpravo.png\",\"width\":256,\"height\":143,\"caption\":\"BILIS\"},\"image\":{\"@id\":\"https:\/\/bilis.sk\/#\/schema\/logo\/image\/\"}}]}<\/script>\n<!-- \/ Yoast SEO plugin. -->","yoast_head_json":{"title":"webinar 9.5.2024 - BILIS","description":"22-2-2023 - BILIS webin\u00e1r pre rodi\u010dov","robots":{"index":"index","follow":"follow","max-snippet":"max-snippet:-1","max-image-preview":"max-image-preview:large","max-video-preview":"max-video-preview:-1"},"canonical":"https:\/\/bilis.sk\/en\/webinar-9-5-2024\/","og_locale":"en_GB","og_type":"article","og_title":"webinar 9.5.2024 - BILIS","og_description":"22-2-2023 - BILIS webin\u00e1r pre rodi\u010dov","og_url":"https:\/\/bilis.sk\/en\/webinar-9-5-2024\/","og_site_name":"BILIS","article_modified_time":"2024-04-10T22:24:34+00:00","og_image":[{"width":2560,"height":1707,"url":"https:\/\/bilis.sk\/wp-content\/uploads\/webinar-3-scaled.jpg","type":"image\/jpeg"}],"twitter_card":"summary_large_image","twitter_misc":{"Estimated reading time":"1 minute"},"schema":{"@context":"https:\/\/schema.org","@graph":[{"@type":"WebPage","@id":"https:\/\/bilis.sk\/webinar-9-5-2024\/","url":"https:\/\/bilis.sk\/webinar-9-5-2024\/","name":"webinar 9.5.2024 - BILIS","isPartOf":{"@id":"https:\/\/bilis.sk\/#website"},"primaryImageOfPage":{"@id":"https:\/\/bilis.sk\/webinar-9-5-2024\/#primaryimage"},"image":{"@id":"https:\/\/bilis.sk\/webinar-9-5-2024\/#primaryimage"},"thumbnailUrl":"https:\/\/bilis.sk\/wp-content\/uploads\/webinar-3-scaled.jpg","datePublished":"2024-01-06T09:00:26+00:00","dateModified":"2024-04-10T22:24:34+00:00","description":"22-2-2023 - BILIS webin\u00e1r pre rodi\u010dov","breadcrumb":{"@id":"https:\/\/bilis.sk\/webinar-9-5-2024\/#breadcrumb"},"inLanguage":"en-GB","potentialAction":[{"@type":"ReadAction","target":["https:\/\/bilis.sk\/webinar-9-5-2024\/"]}]},{"@type":"ImageObject","inLanguage":"en-GB","@id":"https:\/\/bilis.sk\/webinar-9-5-2024\/#primaryimage","url":"https:\/\/bilis.sk\/wp-content\/uploads\/webinar-3-scaled.jpg","contentUrl":"https:\/\/bilis.sk\/wp-content\/uploads\/webinar-3-scaled.jpg","width":2560,"height":1707,"caption":"Businesswoman having a video conference with colleagues during coronavirus quarantine"},{"@type":"BreadcrumbList","@id":"https:\/\/bilis.sk\/webinar-9-5-2024\/#breadcrumb","itemListElement":[{"@type":"ListItem","position":1,"name":"Dom\u016f","item":"https:\/\/bilis.sk\/"},{"@type":"ListItem","position":2,"name":"webinar 9.5.2024"}]},{"@type":"WebSite","@id":"https:\/\/bilis.sk\/#website","url":"https:\/\/bilis.sk\/","name":"BILIS","description":"slovensko-anglick\u00fd program vzdel\u00e1vania od 1. triedy Z\u0160","publisher":{"@id":"https:\/\/bilis.sk\/#organization"},"potentialAction":[{"@type":"SearchAction","target":{"@type":"EntryPoint","urlTemplate":"https:\/\/bilis.sk\/?s={search_term_string}"},"query-input":"required name=search_term_string"}],"inLanguage":"en-GB"},{"@type":"Organization","@id":"https:\/\/bilis.sk\/#organization","name":"BILIS","url":"https:\/\/bilis.sk\/","logo":{"@type":"ImageObject","inLanguage":"en-GB","@id":"https:\/\/bilis.sk\/#\/schema\/logo\/image\/","url":"https:\/\/bilis.sk\/wp-content\/uploads\/2023\/05\/BILISZAJO-M-vpravo.png","contentUrl":"https:\/\/bilis.sk\/wp-content\/uploads\/2023\/05\/BILISZAJO-M-vpravo.png","width":256,"height":143,"caption":"BILIS"},"image":{"@id":"https:\/\/bilis.sk\/#\/schema\/logo\/image\/"}}]}},"_links":{"self":[{"href":"https:\/\/bilis.sk\/en\/wp-json\/wp\/v2\/pages\/7619","targetHints":{"allow":["GET"]}}],"collection":[{"href":"https:\/\/bilis.sk\/en\/wp-json\/wp\/v2\/pages"}],"about":[{"href":"https:\/\/bilis.sk\/en\/wp-json\/wp\/v2\/types\/page"}],"author":[{"embeddable":true,"href":"https:\/\/bilis.sk\/en\/wp-json\/wp\/v2\/users\/5"}],"replies":[{"embeddable":true,"href":"https:\/\/bilis.sk\/en\/wp-json\/wp\/v2\/comments?post=7619"}],"version-history":[{"count":86,"href":"https:\/\/bilis.sk\/en\/wp-json\/wp\/v2\/pages\/7619\/revisions"}],"predecessor-version":[{"id":14155,"href":"https:\/\/bilis.sk\/en\/wp-json\/wp\/v2\/pages\/7619\/revisions\/14155"}],"wp:featuredmedia":[{"embeddable":true,"href":"https:\/\/bilis.sk\/en\/wp-json\/wp\/v2\/media\/13582"}],"wp:attachment":[{"href":"https:\/\/bilis.sk\/en\/wp-json\/wp\/v2\/media?parent=7619"}],"curies":[{"name":"wp","href":"https:\/\/api.w.org\/{rel}","templated":true}]}}