{"id":825,"date":"2019-04-06T04:02:19","date_gmt":"2019-04-06T04:02:19","guid":{"rendered":"http:\/\/zetheme.com\/wordpress\/edubin\/?page_id=825"},"modified":"2025-04-07T21:20:11","modified_gmt":"2025-04-07T21:20:11","slug":"kontakt","status":"publish","type":"page","link":"https:\/\/bilis.sk\/en\/kontakt\/","title":{"rendered":"Contact"},"content":{"rendered":"\t\t<div data-elementor-type=\"wp-post\" data-elementor-id=\"825\" class=\"elementor elementor-825\">\n\t\t\t\t\t\t<section class=\"elementor-section elementor-top-section elementor-element elementor-element-098ab44 elementor-section-boxed elementor-section-height-default elementor-section-height-default\" data-id=\"098ab44\" data-element_type=\"section\">\n\t\t\t\t\t\t<div class=\"elementor-container elementor-column-gap-default\">\n\t\t\t\t\t<div class=\"elementor-column elementor-col-50 elementor-top-column elementor-element elementor-element-5fc0ef8\" data-id=\"5fc0ef8\" data-element_type=\"column\">\n\t\t\t<div class=\"elementor-widget-wrap elementor-element-populated\">\n\t\t\t\t\t\t<div class=\"elementor-element elementor-element-3562ac3 elementor-widget elementor-widget-heading\" data-id=\"3562ac3\" data-element_type=\"widget\" data-widget_type=\"heading.default\">\n\t\t\t\t<div class=\"elementor-widget-container\">\n\t\t\t\t\t<h2 class=\"elementor-heading-title elementor-size-default\">Bu\u010fme v kontakte<\/h2>\t\t\t\t<\/div>\n\t\t\t\t<\/div>\n\t\t\t\t<div class=\"elementor-element elementor-element-4b6be2b elementor-widget elementor-widget-text-editor\" data-id=\"4b6be2b\" data-element_type=\"widget\" data-widget_type=\"text-editor.default\">\n\t\t\t\t<div class=\"elementor-widget-container\">\n\t\t\t\t\t\t\t\t\t<div>M\u00e1te ot\u00e1zku? Nap\u00ed\u0161te n\u00e1m!<\/div>\t\t\t\t\t\t\t\t<\/div>\n\t\t\t\t<\/div>\n\t\t\t\t<div class=\"elementor-element elementor-element-8bc21e6 elementor-widget elementor-widget-text-editor\" data-id=\"8bc21e6\" data-element_type=\"widget\" data-widget_type=\"text-editor.default\">\n\t\t\t\t<div class=\"elementor-widget-container\">\n\t\t\t\t\t\t\t\t\t<div>BILI School\u00a0<br \/>S\u00eddlo: \u0160kolsk\u00e1 29, 99201 Modr\u00fd Kame\u0148<\/div>\t\t\t\t\t\t\t\t<\/div>\n\t\t\t\t<\/div>\n\t\t\t\t<div class=\"elementor-element elementor-element-a03f3ec elementor-icon-list--layout-traditional elementor-list-item-link-full_width elementor-widget elementor-widget-icon-list\" data-id=\"a03f3ec\" data-element_type=\"widget\" data-widget_type=\"icon-list.default\">\n\t\t\t\t<div class=\"elementor-widget-container\">\n\t\t\t\t\t\t\t<ul class=\"elementor-icon-list-items\">\n\t\t\t\t\t\t\t<li class=\"elementor-icon-list-item\">\n\t\t\t\t\t\t\t\t\t\t\t<a href=\"tel:+421%20905%20682%20764\">\n\n\t\t\t\t\t\t\t\t\t\t\t\t<span class=\"elementor-icon-list-icon\">\n\t\t\t\t\t\t\t<i aria-hidden=\"true\" class=\"fas fa-phone-alt\"><\/i>\t\t\t\t\t\t<\/span>\n\t\t\t\t\t\t\t\t\t\t<span class=\"elementor-icon-list-text\">+421 905 682 764<\/span>\n\t\t\t\t\t\t\t\t\t\t\t<\/a>\n\t\t\t\t\t\t\t\t\t<\/li>\n\t\t\t\t\t\t\t\t<li class=\"elementor-icon-list-item\">\n\t\t\t\t\t\t\t\t\t\t\t<a href=\"mailto:hello@bilis.sk\">\n\n\t\t\t\t\t\t\t\t\t\t\t\t<span class=\"elementor-icon-list-icon\">\n\t\t\t\t\t\t\t<i aria-hidden=\"true\" class=\"fas fa-mail-bulk\"><\/i>\t\t\t\t\t\t<\/span>\n\t\t\t\t\t\t\t\t\t\t<span class=\"elementor-icon-list-text\">hello@bilis.sk<\/span>\n\t\t\t\t\t\t\t\t\t\t\t<\/a>\n\t\t\t\t\t\t\t\t\t<\/li>\n\t\t\t\t\t\t<\/ul>\n\t\t\t\t\t\t<\/div>\n\t\t\t\t<\/div>\n\t\t\t\t<div class=\"elementor-element elementor-element-e9dba02 elementor-widget elementor-widget-text-editor\" data-id=\"e9dba02\" data-element_type=\"widget\" data-widget_type=\"text-editor.default\">\n\t\t\t\t<div class=\"elementor-widget-container\">\n\t\t\t\t\t\t\t\t\t<div>I\u010cO: 53186761<br \/>DI\u010c: 2121321620<\/div><div>Ob\u010dianske zdru\u017eenie je zap\u00edsan\u00e9 v registri Ob\u010dianskych zdru\u017een\u00ed Ministerstva vn\u00fatra Slovenskej republiky pod \u010d\u00edslom VVS\/1-900\/90-59617.<\/div>\t\t\t\t\t\t\t\t<\/div>\n\t\t\t\t<\/div>\n\t\t\t\t\t<\/div>\n\t\t<\/div>\n\t\t\t\t<div class=\"elementor-column elementor-col-50 elementor-top-column elementor-element elementor-element-9085bca\" data-id=\"9085bca\" data-element_type=\"column\">\n\t\t\t<div class=\"elementor-widget-wrap elementor-element-populated\">\n\t\t\t\t\t\t<section class=\"elementor-section elementor-inner-section elementor-element elementor-element-db3b25c elementor-section-boxed elementor-section-height-default elementor-section-height-default\" data-id=\"db3b25c\" data-element_type=\"section\">\n\t\t\t\t\t\t<div class=\"elementor-container elementor-column-gap-default\">\n\t\t\t\t\t<div class=\"elementor-column elementor-col-100 elementor-inner-column elementor-element elementor-element-f621e61\" data-id=\"f621e61\" data-element_type=\"column\">\n\t\t\t<div class=\"elementor-widget-wrap elementor-element-populated\">\n\t\t\t\t\t\t<div class=\"elementor-element elementor-element-08f55ef elementor-hidden-desktop elementor-hidden-tablet elementor-hidden-mobile elementor-widget elementor-widget-shortcode\" data-id=\"08f55ef\" data-element_type=\"widget\" data-widget_type=\"shortcode.default\">\n\t\t\t\t<div class=\"elementor-widget-container\">\n\t\t\t\t\t\t\t<div class=\"elementor-shortcode\">[contact-form-7 id=\"4037\" title=\"Kontaktn\u00ed formul\u00e1\u0159 1\"]<\/div>\n\t\t\t\t\t\t<\/div>\n\t\t\t\t<\/div>\n\t\t\t\t\t<\/div>\n\t\t<\/div>\n\t\t\t\t\t<\/div>\n\t\t<\/section>\n\t\t\t\t\t<\/div>\n\t\t<\/div>\n\t\t\t\t\t<\/div>\n\t\t<\/section>\n\t\t\t\t<section class=\"elementor-section elementor-top-section elementor-element elementor-element-83f64ee elementor-section-stretched elementor-section-boxed elementor-section-height-default elementor-section-height-default\" data-id=\"83f64ee\" data-element_type=\"section\" data-settings=\"{&quot;background_background&quot;:&quot;classic&quot;,&quot;stretch_section&quot;:&quot;section-stretched&quot;,&quot;shape_divider_top&quot;:&quot;tilt&quot;}\">\n\t\t\t\t\t<div class=\"elementor-shape elementor-shape-top\" data-negative=\"false\">\n\t\t\t<svg xmlns=\"http:\/\/www.w3.org\/2000\/svg\" viewBox=\"0 0 1000 100\" preserveAspectRatio=\"none\">\n\t<path class=\"elementor-shape-fill\" d=\"M0,6V0h1000v100L0,6z\"\/>\n<\/svg>\t\t<\/div>\n\t\t\t\t\t<div class=\"elementor-container elementor-column-gap-default\">\n\t\t\t\t\t<div class=\"elementor-column elementor-col-100 elementor-top-column elementor-element elementor-element-e9565d5 animated-slow elementor-invisible\" data-id=\"e9565d5\" data-element_type=\"column\" data-settings=\"{&quot;animation&quot;:&quot;fadeIn&quot;}\">\n\t\t\t<div class=\"elementor-widget-wrap elementor-element-populated\">\n\t\t\t\t\t\t<section class=\"elementor-section elementor-inner-section elementor-element elementor-element-a3195b9 elementor-section-boxed elementor-section-height-default elementor-section-height-default\" data-id=\"a3195b9\" data-element_type=\"section\">\n\t\t\t\t\t\t<div class=\"elementor-container elementor-column-gap-default\">\n\t\t\t\t\t<div class=\"elementor-column elementor-col-50 elementor-inner-column elementor-element elementor-element-5b96e22\" data-id=\"5b96e22\" data-element_type=\"column\">\n\t\t\t<div class=\"elementor-widget-wrap elementor-element-populated\">\n\t\t\t\t\t\t<div class=\"elementor-element elementor-element-417e9d7 elementor-hidden-tablet elementor-widget elementor-widget-image\" data-id=\"417e9d7\" data-element_type=\"widget\" data-widget_type=\"image.default\">\n\t\t\t\t<div class=\"elementor-widget-container\">\n\t\t\t\t\t\t\t\t\t\t\t\t\t\t\t<img fetchpriority=\"high\" decoding=\"async\" width=\"2560\" height=\"1707\" src=\"https:\/\/bilis.sk\/wp-content\/uploads\/2021\/11\/webinar-l-scaled.jpg\" class=\"attachment-full size-full wp-image-6801\" alt=\"\" srcset=\"https:\/\/bilis.sk\/wp-content\/uploads\/2021\/11\/webinar-l-scaled.jpg 2560w, https:\/\/bilis.sk\/wp-content\/uploads\/2021\/11\/webinar-l-300x200.jpg 300w, https:\/\/bilis.sk\/wp-content\/uploads\/2021\/11\/webinar-l-1024x683.jpg 1024w, https:\/\/bilis.sk\/wp-content\/uploads\/2021\/11\/webinar-l-768x512.jpg 768w, https:\/\/bilis.sk\/wp-content\/uploads\/2021\/11\/webinar-l-1536x1024.jpg 1536w, https:\/\/bilis.sk\/wp-content\/uploads\/2021\/11\/webinar-l-2048x1365.jpg 2048w\" sizes=\"(max-width: 2560px) 100vw, 2560px\" \/>\t\t\t\t\t\t\t\t\t\t\t\t\t\t\t<\/div>\n\t\t\t\t<\/div>\n\t\t\t\t\t<\/div>\n\t\t<\/div>\n\t\t\t\t<div class=\"elementor-column elementor-col-50 elementor-inner-column elementor-element elementor-element-efbef5e\" data-id=\"efbef5e\" data-element_type=\"column\">\n\t\t\t<div class=\"elementor-widget-wrap elementor-element-populated\">\n\t\t\t\t\t\t<div class=\"elementor-element elementor-element-0d1456d elementor-widget elementor-widget-heading\" data-id=\"0d1456d\" data-element_type=\"widget\" data-widget_type=\"heading.default\">\n\t\t\t\t<div class=\"elementor-widget-container\">\n\t\t\t\t\t<h2 class=\"elementor-heading-title elementor-size-default\">Prihl\u00e1ste sa na webin\u00e1r<\/h2>\t\t\t\t<\/div>\n\t\t\t\t<\/div>\n\t\t\t\t<div class=\"elementor-element elementor-element-84d9f51 elementor-widget elementor-widget-text-editor\" data-id=\"84d9f51\" data-element_type=\"widget\" data-widget_type=\"text-editor.default\">\n\t\t\t\t<div class=\"elementor-widget-container\">\n\t\t\t\t\t\t\t\t\t<div>Pripravujeme pre v\u00e1s polhodinov\u00e9 online stretnutie, kde v\u00e1m vysvetl\u00edme, ako to bude cel\u00e9 fungova\u0165 \u2013 jednoducho a prirodzene.<\/div>\t\t\t\t\t\t\t\t<\/div>\n\t\t\t\t<\/div>\n\t\t\t\t<div class=\"elementor-element elementor-element-6e18630 elementor-align-left elementor-tablet-align-left elementor-mobile-align-left elementor-widget elementor-widget-button\" data-id=\"6e18630\" data-element_type=\"widget\" data-widget_type=\"button.default\">\n\t\t\t\t<div class=\"elementor-widget-container\">\n\t\t\t\t\t\t\t\t\t<div class=\"elementor-button-wrapper\">\n\t\t\t\t\t<a class=\"elementor-button elementor-button-link elementor-size-sm\" href=\"\/webinare\/\" id=\"tlacitko\">\n\t\t\t\t\t\t<span class=\"elementor-button-content-wrapper\">\n\t\t\t\t\t\t\t\t\t<span class=\"elementor-button-text\">Vybra\u0165 d\u00e1tum<\/span>\n\t\t\t\t\t<\/span>\n\t\t\t\t\t<\/a>\n\t\t\t\t<\/div>\n\t\t\t\t\t\t\t\t<\/div>\n\t\t\t\t<\/div>\n\t\t\t\t\t<\/div>\n\t\t<\/div>\n\t\t\t\t\t<\/div>\n\t\t<\/section>\n\t\t\t\t\t<\/div>\n\t\t<\/div>\n\t\t\t\t\t<\/div>\n\t\t<\/section>\n\t\t\t\t<\/div>\n\t\t","protected":false},"excerpt":{"rendered":"<p>Bu\u010fme v kontakte M\u00e1te ot\u00e1zku? Nap\u00ed\u0161te n\u00e1m!BILI School\u00a0S\u00eddlo: \u0160kolsk\u00e1 29, 99201 Modr\u00fd Kame\u0148 +421 905 682 764 hello@bilis.sk I\u010cO: 53186761DI\u010c: 2121321620Ob\u010dianske zdru\u017eenie je zap\u00edsan\u00e9 v registri Ob\u010dianskych zdru\u017een\u00ed Ministerstva vn\u00fatra Slovenskej republiky pod \u010d\u00edslom VVS\/1-900\/90-59617.[contact-form-7 id=&#8220;4037&#8243; title=&#8220;Kontaktn\u00ed formul\u00e1\u0159 1&#8243;] Prihl\u00e1ste sa na webin\u00e1r Pripravujeme pre [&hellip;]<\/p>\n","protected":false},"author":1,"featured_media":0,"parent":0,"menu_order":0,"comment_status":"closed","ping_status":"closed","template":"","meta":{"footnotes":""},"class_list":["post-825","page","type-page","status-publish","hentry"],"yoast_head":"<!-- This site is optimized with the Yoast SEO plugin v23.3 - https:\/\/yoast.com\/wordpress\/plugins\/seo\/ -->\n<title>Kontakt - BILIS<\/title>\n<meta name=\"robots\" content=\"index, follow, max-snippet:-1, max-image-preview:large, max-video-preview:-1\" \/>\n<link rel=\"canonical\" href=\"https:\/\/bilis.sk\/en\/kontakt\/\" \/>\n<meta property=\"og:locale\" content=\"en_GB\" \/>\n<meta property=\"og:type\" content=\"article\" \/>\n<meta property=\"og:title\" content=\"Kontakt - BILIS\" \/>\n<meta property=\"og:description\" content=\"Bu\u010fme v kontakte M\u00e1te ot\u00e1zku? Nap\u00ed\u0161te n\u00e1m!BILI School\u00a0S\u00eddlo: \u0160kolsk\u00e1 29, 99201 Modr\u00fd Kame\u0148 +421 905 682 764 hello@bilis.sk I\u010cO: 53186761DI\u010c: 2121321620Ob\u010dianske zdru\u017eenie je zap\u00edsan\u00e9 v registri Ob\u010dianskych zdru\u017een\u00ed Ministerstva vn\u00fatra Slovenskej republiky pod \u010d\u00edslom VVS\/1-900\/90-59617.[contact-form-7 id=&#8220;4037&#8243; title=&#8220;Kontaktn\u00ed formul\u00e1\u0159 1&#8243;] Prihl\u00e1ste sa na webin\u00e1r Pripravujeme pre [&hellip;]\" \/>\n<meta property=\"og:url\" content=\"https:\/\/bilis.sk\/en\/kontakt\/\" \/>\n<meta property=\"og:site_name\" content=\"BILIS\" \/>\n<meta property=\"article:modified_time\" content=\"2025-04-07T21:20:11+00:00\" \/>\n<meta property=\"og:image\" content=\"https:\/\/bilis.sk\/wp-content\/uploads\/2021\/11\/webinar-l-scaled.jpg\" \/>\n<meta name=\"twitter:card\" content=\"summary_large_image\" \/>\n<meta name=\"twitter:label1\" content=\"Estimated reading time\" \/>\n\t<meta name=\"twitter:data1\" content=\"1 minute\" \/>\n<script type=\"application\/ld+json\" class=\"yoast-schema-graph\">{\"@context\":\"https:\/\/schema.org\",\"@graph\":[{\"@type\":\"WebPage\",\"@id\":\"https:\/\/bilis.sk\/kontakt\/\",\"url\":\"https:\/\/bilis.sk\/kontakt\/\",\"name\":\"Kontakt - BILIS\",\"isPartOf\":{\"@id\":\"https:\/\/bilis.sk\/#website\"},\"primaryImageOfPage\":{\"@id\":\"https:\/\/bilis.sk\/kontakt\/#primaryimage\"},\"image\":{\"@id\":\"https:\/\/bilis.sk\/kontakt\/#primaryimage\"},\"thumbnailUrl\":\"https:\/\/bilis.sk\/wp-content\/uploads\/2021\/11\/webinar-l-scaled.jpg\",\"datePublished\":\"2019-04-06T04:02:19+00:00\",\"dateModified\":\"2025-04-07T21:20:11+00:00\",\"breadcrumb\":{\"@id\":\"https:\/\/bilis.sk\/kontakt\/#breadcrumb\"},\"inLanguage\":\"en-GB\",\"potentialAction\":[{\"@type\":\"ReadAction\",\"target\":[\"https:\/\/bilis.sk\/kontakt\/\"]}]},{\"@type\":\"ImageObject\",\"inLanguage\":\"en-GB\",\"@id\":\"https:\/\/bilis.sk\/kontakt\/#primaryimage\",\"url\":\"https:\/\/bilis.sk\/wp-content\/uploads\/2021\/11\/webinar-l-scaled.jpg\",\"contentUrl\":\"https:\/\/bilis.sk\/wp-content\/uploads\/2021\/11\/webinar-l-scaled.jpg\"},{\"@type\":\"BreadcrumbList\",\"@id\":\"https:\/\/bilis.sk\/kontakt\/#breadcrumb\",\"itemListElement\":[{\"@type\":\"ListItem\",\"position\":1,\"name\":\"Dom\u016f\",\"item\":\"https:\/\/bilis.sk\/\"},{\"@type\":\"ListItem\",\"position\":2,\"name\":\"Kontakt\"}]},{\"@type\":\"WebSite\",\"@id\":\"https:\/\/bilis.sk\/#website\",\"url\":\"https:\/\/bilis.sk\/\",\"name\":\"BILIS\",\"description\":\"slovensko-anglick\u00fd program vzdel\u00e1vania od 1. triedy Z\u0160\",\"publisher\":{\"@id\":\"https:\/\/bilis.sk\/#organization\"},\"potentialAction\":[{\"@type\":\"SearchAction\",\"target\":{\"@type\":\"EntryPoint\",\"urlTemplate\":\"https:\/\/bilis.sk\/?s={search_term_string}\"},\"query-input\":\"required name=search_term_string\"}],\"inLanguage\":\"en-GB\"},{\"@type\":\"Organization\",\"@id\":\"https:\/\/bilis.sk\/#organization\",\"name\":\"BILIS\",\"url\":\"https:\/\/bilis.sk\/\",\"logo\":{\"@type\":\"ImageObject\",\"inLanguage\":\"en-GB\",\"@id\":\"https:\/\/bilis.sk\/#\/schema\/logo\/image\/\",\"url\":\"https:\/\/bilis.sk\/wp-content\/uploads\/2023\/05\/BILISZAJO-M-vpravo.png\",\"contentUrl\":\"https:\/\/bilis.sk\/wp-content\/uploads\/2023\/05\/BILISZAJO-M-vpravo.png\",\"width\":256,\"height\":143,\"caption\":\"BILIS\"},\"image\":{\"@id\":\"https:\/\/bilis.sk\/#\/schema\/logo\/image\/\"}}]}<\/script>\n<!-- \/ Yoast SEO plugin. -->","yoast_head_json":{"title":"Kontakt - BILIS","robots":{"index":"index","follow":"follow","max-snippet":"max-snippet:-1","max-image-preview":"max-image-preview:large","max-video-preview":"max-video-preview:-1"},"canonical":"https:\/\/bilis.sk\/en\/kontakt\/","og_locale":"en_GB","og_type":"article","og_title":"Kontakt - BILIS","og_description":"Bu\u010fme v kontakte M\u00e1te ot\u00e1zku? Nap\u00ed\u0161te n\u00e1m!BILI School\u00a0S\u00eddlo: \u0160kolsk\u00e1 29, 99201 Modr\u00fd Kame\u0148 +421 905 682 764 hello@bilis.sk I\u010cO: 53186761DI\u010c: 2121321620Ob\u010dianske zdru\u017eenie je zap\u00edsan\u00e9 v registri Ob\u010dianskych zdru\u017een\u00ed Ministerstva vn\u00fatra Slovenskej republiky pod \u010d\u00edslom VVS\/1-900\/90-59617.[contact-form-7 id=&#8220;4037&#8243; title=&#8220;Kontaktn\u00ed formul\u00e1\u0159 1&#8243;] Prihl\u00e1ste sa na webin\u00e1r Pripravujeme pre [&hellip;]","og_url":"https:\/\/bilis.sk\/en\/kontakt\/","og_site_name":"BILIS","article_modified_time":"2025-04-07T21:20:11+00:00","og_image":[{"url":"https:\/\/bilis.sk\/wp-content\/uploads\/2021\/11\/webinar-l-scaled.jpg"}],"twitter_card":"summary_large_image","twitter_misc":{"Estimated reading time":"1 minute"},"schema":{"@context":"https:\/\/schema.org","@graph":[{"@type":"WebPage","@id":"https:\/\/bilis.sk\/kontakt\/","url":"https:\/\/bilis.sk\/kontakt\/","name":"Kontakt - BILIS","isPartOf":{"@id":"https:\/\/bilis.sk\/#website"},"primaryImageOfPage":{"@id":"https:\/\/bilis.sk\/kontakt\/#primaryimage"},"image":{"@id":"https:\/\/bilis.sk\/kontakt\/#primaryimage"},"thumbnailUrl":"https:\/\/bilis.sk\/wp-content\/uploads\/2021\/11\/webinar-l-scaled.jpg","datePublished":"2019-04-06T04:02:19+00:00","dateModified":"2025-04-07T21:20:11+00:00","breadcrumb":{"@id":"https:\/\/bilis.sk\/kontakt\/#breadcrumb"},"inLanguage":"en-GB","potentialAction":[{"@type":"ReadAction","target":["https:\/\/bilis.sk\/kontakt\/"]}]},{"@type":"ImageObject","inLanguage":"en-GB","@id":"https:\/\/bilis.sk\/kontakt\/#primaryimage","url":"https:\/\/bilis.sk\/wp-content\/uploads\/2021\/11\/webinar-l-scaled.jpg","contentUrl":"https:\/\/bilis.sk\/wp-content\/uploads\/2021\/11\/webinar-l-scaled.jpg"},{"@type":"BreadcrumbList","@id":"https:\/\/bilis.sk\/kontakt\/#breadcrumb","itemListElement":[{"@type":"ListItem","position":1,"name":"Dom\u016f","item":"https:\/\/bilis.sk\/"},{"@type":"ListItem","position":2,"name":"Kontakt"}]},{"@type":"WebSite","@id":"https:\/\/bilis.sk\/#website","url":"https:\/\/bilis.sk\/","name":"BILIS","description":"slovensko-anglick\u00fd program vzdel\u00e1vania od 1. triedy Z\u0160","publisher":{"@id":"https:\/\/bilis.sk\/#organization"},"potentialAction":[{"@type":"SearchAction","target":{"@type":"EntryPoint","urlTemplate":"https:\/\/bilis.sk\/?s={search_term_string}"},"query-input":"required name=search_term_string"}],"inLanguage":"en-GB"},{"@type":"Organization","@id":"https:\/\/bilis.sk\/#organization","name":"BILIS","url":"https:\/\/bilis.sk\/","logo":{"@type":"ImageObject","inLanguage":"en-GB","@id":"https:\/\/bilis.sk\/#\/schema\/logo\/image\/","url":"https:\/\/bilis.sk\/wp-content\/uploads\/2023\/05\/BILISZAJO-M-vpravo.png","contentUrl":"https:\/\/bilis.sk\/wp-content\/uploads\/2023\/05\/BILISZAJO-M-vpravo.png","width":256,"height":143,"caption":"BILIS"},"image":{"@id":"https:\/\/bilis.sk\/#\/schema\/logo\/image\/"}}]}},"_links":{"self":[{"href":"https:\/\/bilis.sk\/en\/wp-json\/wp\/v2\/pages\/825","targetHints":{"allow":["GET"]}}],"collection":[{"href":"https:\/\/bilis.sk\/en\/wp-json\/wp\/v2\/pages"}],"about":[{"href":"https:\/\/bilis.sk\/en\/wp-json\/wp\/v2\/types\/page"}],"author":[{"embeddable":true,"href":"https:\/\/bilis.sk\/en\/wp-json\/wp\/v2\/users\/1"}],"replies":[{"embeddable":true,"href":"https:\/\/bilis.sk\/en\/wp-json\/wp\/v2\/comments?post=825"}],"version-history":[{"count":371,"href":"https:\/\/bilis.sk\/en\/wp-json\/wp\/v2\/pages\/825\/revisions"}],"predecessor-version":[{"id":14425,"href":"https:\/\/bilis.sk\/en\/wp-json\/wp\/v2\/pages\/825\/revisions\/14425"}],"wp:attachment":[{"href":"https:\/\/bilis.sk\/en\/wp-json\/wp\/v2\/media?parent=825"}],"curies":[{"name":"wp","href":"https:\/\/api.w.org\/{rel}","templated":true}]}}