{"id":8398,"date":"2021-12-14T12:06:51","date_gmt":"2021-12-14T12:06:51","guid":{"rendered":"https:\/\/bilis.sk\/?page_id=8398"},"modified":"2021-12-14T22:06:39","modified_gmt":"2021-12-14T22:06:39","slug":"mapa-slovenska","status":"publish","type":"page","link":"https:\/\/bilis.sk\/en\/mapa-slovenska\/","title":{"rendered":"Mapa slovenska"},"content":{"rendered":"<div data-elementor-type=\"wp-page\" data-elementor-id=\"8398\" class=\"elementor elementor-8398\">\n\t\t\t\t\t\t<section class=\"elementor-section elementor-top-section elementor-element elementor-element-180307e elementor-section-boxed elementor-section-height-default elementor-section-height-default\" data-id=\"180307e\" data-element_type=\"section\">\n\t\t\t\t\t\t<div class=\"elementor-container elementor-column-gap-default\">\n\t\t\t\t\t<div class=\"elementor-column elementor-col-100 elementor-top-column elementor-element elementor-element-9424cb3\" data-id=\"9424cb3\" data-element_type=\"column\">\n\t\t\t<div class=\"elementor-widget-wrap\">\n\t\t\t\t\t\t\t<\/div>\n\t\t<\/div>\n\t\t\t\t\t<\/div>\n\t\t<\/section>\n\t\t\t\t<\/div>","protected":false},"excerpt":{"rendered":"","protected":false},"author":1,"featured_media":0,"parent":0,"menu_order":0,"comment_status":"closed","ping_status":"closed","template":"","meta":{"footnotes":""},"class_list":["post-8398","page","type-page","status-publish","hentry"],"yoast_head":"<!-- This site is optimized with the Yoast SEO plugin v23.3 - https:\/\/yoast.com\/wordpress\/plugins\/seo\/ -->\n<title>Mapa slovenska - BILIS<\/title>\n<meta name=\"robots\" content=\"index, follow, max-snippet:-1, max-image-preview:large, max-video-preview:-1\" \/>\n<link rel=\"canonical\" href=\"https:\/\/bilis.sk\/en\/mapa-slovenska\/\" \/>\n<meta property=\"og:locale\" content=\"en_GB\" \/>\n<meta property=\"og:type\" content=\"article\" \/>\n<meta property=\"og:title\" content=\"Mapa slovenska - BILIS\" \/>\n<meta property=\"og:url\" content=\"https:\/\/bilis.sk\/en\/mapa-slovenska\/\" \/>\n<meta property=\"og:site_name\" content=\"BILIS\" \/>\n<meta property=\"article:modified_time\" content=\"2021-12-14T22:06:39+00:00\" \/>\n<meta name=\"twitter:card\" content=\"summary_large_image\" \/>\n<meta name=\"twitter:label1\" content=\"Estimated reading time\" \/>\n\t<meta name=\"twitter:data1\" content=\"7 minutes\" \/>\n<script type=\"application\/ld+json\" class=\"yoast-schema-graph\">{\"@context\":\"https:\/\/schema.org\",\"@graph\":[{\"@type\":\"WebPage\",\"@id\":\"https:\/\/bilis.sk\/mapa-slovenska\/\",\"url\":\"https:\/\/bilis.sk\/mapa-slovenska\/\",\"name\":\"Mapa slovenska - BILIS\",\"isPartOf\":{\"@id\":\"https:\/\/bilis.sk\/#website\"},\"datePublished\":\"2021-12-14T12:06:51+00:00\",\"dateModified\":\"2021-12-14T22:06:39+00:00\",\"breadcrumb\":{\"@id\":\"https:\/\/bilis.sk\/mapa-slovenska\/#breadcrumb\"},\"inLanguage\":\"en-GB\",\"potentialAction\":[{\"@type\":\"ReadAction\",\"target\":[\"https:\/\/bilis.sk\/mapa-slovenska\/\"]}]},{\"@type\":\"BreadcrumbList\",\"@id\":\"https:\/\/bilis.sk\/mapa-slovenska\/#breadcrumb\",\"itemListElement\":[{\"@type\":\"ListItem\",\"position\":1,\"name\":\"Dom\u016f\",\"item\":\"https:\/\/bilis.sk\/\"},{\"@type\":\"ListItem\",\"position\":2,\"name\":\"Mapa slovenska\"}]},{\"@type\":\"WebSite\",\"@id\":\"https:\/\/bilis.sk\/#website\",\"url\":\"https:\/\/bilis.sk\/\",\"name\":\"BILIS\",\"description\":\"slovensko-anglick\u00fd program vzdel\u00e1vania od 1. triedy Z\u0160\",\"publisher\":{\"@id\":\"https:\/\/bilis.sk\/#organization\"},\"potentialAction\":[{\"@type\":\"SearchAction\",\"target\":{\"@type\":\"EntryPoint\",\"urlTemplate\":\"https:\/\/bilis.sk\/?s={search_term_string}\"},\"query-input\":\"required name=search_term_string\"}],\"inLanguage\":\"en-GB\"},{\"@type\":\"Organization\",\"@id\":\"https:\/\/bilis.sk\/#organization\",\"name\":\"BILIS\",\"url\":\"https:\/\/bilis.sk\/\",\"logo\":{\"@type\":\"ImageObject\",\"inLanguage\":\"en-GB\",\"@id\":\"https:\/\/bilis.sk\/#\/schema\/logo\/image\/\",\"url\":\"https:\/\/bilis.sk\/wp-content\/uploads\/2023\/05\/BILISZAJO-M-vpravo.png\",\"contentUrl\":\"https:\/\/bilis.sk\/wp-content\/uploads\/2023\/05\/BILISZAJO-M-vpravo.png\",\"width\":256,\"height\":143,\"caption\":\"BILIS\"},\"image\":{\"@id\":\"https:\/\/bilis.sk\/#\/schema\/logo\/image\/\"}}]}<\/script>\n<!-- \/ Yoast SEO plugin. -->","yoast_head_json":{"title":"Mapa slovenska - BILIS","robots":{"index":"index","follow":"follow","max-snippet":"max-snippet:-1","max-image-preview":"max-image-preview:large","max-video-preview":"max-video-preview:-1"},"canonical":"https:\/\/bilis.sk\/en\/mapa-slovenska\/","og_locale":"en_GB","og_type":"article","og_title":"Mapa slovenska - BILIS","og_url":"https:\/\/bilis.sk\/en\/mapa-slovenska\/","og_site_name":"BILIS","article_modified_time":"2021-12-14T22:06:39+00:00","twitter_card":"summary_large_image","twitter_misc":{"Estimated reading time":"7 minutes"},"schema":{"@context":"https:\/\/schema.org","@graph":[{"@type":"WebPage","@id":"https:\/\/bilis.sk\/mapa-slovenska\/","url":"https:\/\/bilis.sk\/mapa-slovenska\/","name":"Mapa slovenska - BILIS","isPartOf":{"@id":"https:\/\/bilis.sk\/#website"},"datePublished":"2021-12-14T12:06:51+00:00","dateModified":"2021-12-14T22:06:39+00:00","breadcrumb":{"@id":"https:\/\/bilis.sk\/mapa-slovenska\/#breadcrumb"},"inLanguage":"en-GB","potentialAction":[{"@type":"ReadAction","target":["https:\/\/bilis.sk\/mapa-slovenska\/"]}]},{"@type":"BreadcrumbList","@id":"https:\/\/bilis.sk\/mapa-slovenska\/#breadcrumb","itemListElement":[{"@type":"ListItem","position":1,"name":"Dom\u016f","item":"https:\/\/bilis.sk\/"},{"@type":"ListItem","position":2,"name":"Mapa slovenska"}]},{"@type":"WebSite","@id":"https:\/\/bilis.sk\/#website","url":"https:\/\/bilis.sk\/","name":"BILIS","description":"slovensko-anglick\u00fd program vzdel\u00e1vania od 1. triedy Z\u0160","publisher":{"@id":"https:\/\/bilis.sk\/#organization"},"potentialAction":[{"@type":"SearchAction","target":{"@type":"EntryPoint","urlTemplate":"https:\/\/bilis.sk\/?s={search_term_string}"},"query-input":"required name=search_term_string"}],"inLanguage":"en-GB"},{"@type":"Organization","@id":"https:\/\/bilis.sk\/#organization","name":"BILIS","url":"https:\/\/bilis.sk\/","logo":{"@type":"ImageObject","inLanguage":"en-GB","@id":"https:\/\/bilis.sk\/#\/schema\/logo\/image\/","url":"https:\/\/bilis.sk\/wp-content\/uploads\/2023\/05\/BILISZAJO-M-vpravo.png","contentUrl":"https:\/\/bilis.sk\/wp-content\/uploads\/2023\/05\/BILISZAJO-M-vpravo.png","width":256,"height":143,"caption":"BILIS"},"image":{"@id":"https:\/\/bilis.sk\/#\/schema\/logo\/image\/"}}]}},"_links":{"self":[{"href":"https:\/\/bilis.sk\/en\/wp-json\/wp\/v2\/pages\/8398","targetHints":{"allow":["GET"]}}],"collection":[{"href":"https:\/\/bilis.sk\/en\/wp-json\/wp\/v2\/pages"}],"about":[{"href":"https:\/\/bilis.sk\/en\/wp-json\/wp\/v2\/types\/page"}],"author":[{"embeddable":true,"href":"https:\/\/bilis.sk\/en\/wp-json\/wp\/v2\/users\/1"}],"replies":[{"embeddable":true,"href":"https:\/\/bilis.sk\/en\/wp-json\/wp\/v2\/comments?post=8398"}],"version-history":[{"count":6,"href":"https:\/\/bilis.sk\/en\/wp-json\/wp\/v2\/pages\/8398\/revisions"}],"predecessor-version":[{"id":8403,"href":"https:\/\/bilis.sk\/en\/wp-json\/wp\/v2\/pages\/8398\/revisions\/8403"}],"wp:attachment":[{"href":"https:\/\/bilis.sk\/en\/wp-json\/wp\/v2\/media?parent=8398"}],"curies":[{"name":"wp","href":"https:\/\/api.w.org\/{rel}","templated":true}]}}